{"id":9522,"date":"2023-11-27T18:12:38","date_gmt":"2023-11-27T16:12:38","guid":{"rendered":"https:\/\/bojtiekszer.hu\/online-store\/?post_type=product&#038;p=9522"},"modified":"2025-11-23T16:05:46","modified_gmt":"2025-11-23T14:05:46","slug":"ole-11130","status":"publish","type":"product","link":"https:\/\/bojtiekszer.hu\/online-store\/termek\/ole-11130\/","title":{"rendered":"OL\u00c9 \u2219 Pt950 \u2219 0.26ct"},"content":{"rendered":"","protected":false},"excerpt":{"rendered":"<p class=\"p1\">[full_width]<\/p>\n<p class=\"p1\"><b>Anyag:<\/b> Platina 950<br \/>\n<b>Front k\u0151:<\/b> Gy\u00e9m\u00e1nt<br \/>\n<b>Front k\u0151 s\u00faly:<\/b> 0.13 ct<br \/>\n<b>Sz\u00edn \/ tisztas\u00e1g:<\/b> F \/ VS1<br \/>\n<b>Certifik\u00e1t:<\/b> Nemzetk\u00f6zi \/ IGI<br \/>\n<b>Oldal k\u0151:<\/b> Gy\u00e9m\u00e1nt<br \/>\n<b>Oldal k\u0151 s\u00faly:<\/b> 0.13 ct<br \/>\n<b>Sz\u00edn \/ tisztas\u00e1g:<\/b> G \/ VS<br \/>\n<b>Gy\u0171r\u0171 m\u00e9ret:<\/b> 52<br \/>\n<strong>Nr:<\/strong> 001376-O<\/p>\n","protected":false},"featured_media":9238,"comment_status":"closed","ping_status":"closed","template":"","meta":[],"product_brand":[],"product_cat":[43],"product_tag":[],"class_list":{"0":"post-9522","1":"product","2":"type-product","3":"status-publish","4":"has-post-thumbnail","6":"product_cat-eljegyzesi-gyuru","7":"pa_anyag-platina-950","8":"pa_ko-fajtaja-gyemant","9":"pa_ko-merete-0-26-ct","10":"pa_minoseg-f-vs1","12":"first","13":"outofstock","14":"sold-individually","15":"purchasable","16":"product-type-simple","17":"add-to-wishlist-before_image"},"yoast_head":"<title>OL\u00c9 \u2219 Pt950 \u2219 0.26ct - BOJTI \u00c9kszermanufakt\u00fara<\/title>\n<meta name=\"robots\" content=\"index, follow, max-snippet:-1, max-image-preview:large, max-video-preview:-1\" \/>\n<link rel=\"canonical\" href=\"https:\/\/bojtiekszer.hu\/online-store\/termek\/ole-11130\/\" \/>\n<meta property=\"og:locale\" content=\"hu_HU\" \/>\n<meta property=\"og:type\" content=\"article\" \/>\n<meta property=\"og:title\" content=\"OL\u00c9 \u2219 Pt950 \u2219 0.26ct - BOJTI \u00c9kszermanufakt\u00fara\" \/>\n<meta property=\"og:description\" content=\"Anyag: Platina 950 Front k\u0151: Gy\u00e9m\u00e1nt Front k\u0151 s\u00faly: 0.13 ct Sz\u00edn \/ tisztas\u00e1g: F \/ VS1 Certifik\u00e1t: Nemzetk\u00f6zi \/ IGI Oldal k\u0151: Gy\u00e9m\u00e1nt Oldal k\u0151 s\u00faly: 0.13 ct Sz\u00edn \/ tisztas\u00e1g: G \/ VS Gy\u0171r\u0171 m\u00e9ret: 52 Nr: 001376-O\" \/>\n<meta property=\"og:url\" content=\"https:\/\/bojtiekszer.hu\/online-store\/termek\/ole-11130\/\" \/>\n<meta property=\"og:site_name\" content=\"BOJTI \u00c9kszermanufakt\u00fara\" \/>\n<meta property=\"article:modified_time\" content=\"2025-11-23T14:05:46+00:00\" \/>\n<meta property=\"og:image\" content=\"https:\/\/bojtiekszer.hu\/online-store\/wp-content\/uploads\/2023\/07\/1376-O.jpg\" \/>\n\t<meta property=\"og:image:width\" content=\"2000\" \/>\n\t<meta property=\"og:image:height\" content=\"2000\" \/>\n\t<meta property=\"og:image:type\" content=\"image\/jpeg\" \/>\n<meta name=\"twitter:card\" content=\"summary_large_image\" \/>\n<meta name=\"twitter:label1\" content=\"Becs\u00fclt olvas\u00e1si id\u0151\" \/>\n\t<meta name=\"twitter:data1\" content=\"1 perc\" \/>\n<script type=\"application\/ld+json\" class=\"yoast-schema-graph\">{\"@context\":\"https:\/\/schema.org\",\"@graph\":[{\"@type\":\"WebPage\",\"@id\":\"https:\/\/bojtiekszer.hu\/online-store\/termek\/ole-11130\/\",\"url\":\"https:\/\/bojtiekszer.hu\/online-store\/termek\/ole-11130\/\",\"name\":\"OL\u00c9 \u2219 Pt950 \u2219 0.26ct - BOJTI \u00c9kszermanufakt\u00fara\",\"isPartOf\":{\"@id\":\"https:\/\/bojtiekszer.hu\/online-store\/#website\"},\"primaryImageOfPage\":{\"@id\":\"https:\/\/bojtiekszer.hu\/online-store\/termek\/ole-11130\/#primaryimage\"},\"image\":{\"@id\":\"https:\/\/bojtiekszer.hu\/online-store\/termek\/ole-11130\/#primaryimage\"},\"thumbnailUrl\":\"https:\/\/bojtiekszer.hu\/online-store\/wp-content\/uploads\/2023\/07\/1376-O.jpg\",\"datePublished\":\"2023-11-27T16:12:38+00:00\",\"dateModified\":\"2025-11-23T14:05:46+00:00\",\"breadcrumb\":{\"@id\":\"https:\/\/bojtiekszer.hu\/online-store\/termek\/ole-11130\/#breadcrumb\"},\"inLanguage\":\"hu\",\"potentialAction\":[{\"@type\":\"ReadAction\",\"target\":[\"https:\/\/bojtiekszer.hu\/online-store\/termek\/ole-11130\/\"]}]},{\"@type\":\"ImageObject\",\"inLanguage\":\"hu\",\"@id\":\"https:\/\/bojtiekszer.hu\/online-store\/termek\/ole-11130\/#primaryimage\",\"url\":\"https:\/\/bojtiekszer.hu\/online-store\/wp-content\/uploads\/2023\/07\/1376-O.jpg\",\"contentUrl\":\"https:\/\/bojtiekszer.hu\/online-store\/wp-content\/uploads\/2023\/07\/1376-O.jpg\",\"width\":2000,\"height\":2000},{\"@type\":\"BreadcrumbList\",\"@id\":\"https:\/\/bojtiekszer.hu\/online-store\/termek\/ole-11130\/#breadcrumb\",\"itemListElement\":[{\"@type\":\"ListItem\",\"position\":1,\"name\":\"Kezd\u0151lap\",\"item\":\"https:\/\/bojtiekszer.hu\/online-store\/\"},{\"@type\":\"ListItem\",\"position\":2,\"name\":\"\u00dczlet\",\"item\":\"https:\/\/bojtiekszer.hu\/online-store\/uzlet\/\"},{\"@type\":\"ListItem\",\"position\":3,\"name\":\"OL\u00c9 \u2219 Pt950 \u2219 0.26ct\"}]},{\"@type\":\"WebSite\",\"@id\":\"https:\/\/bojtiekszer.hu\/online-store\/#website\",\"url\":\"https:\/\/bojtiekszer.hu\/online-store\/\",\"name\":\"BOJTI \u00c9kszermanufakt\u00fara\",\"description\":\"\",\"potentialAction\":[{\"@type\":\"SearchAction\",\"target\":{\"@type\":\"EntryPoint\",\"urlTemplate\":\"https:\/\/bojtiekszer.hu\/online-store\/?s={search_term_string}\"},\"query-input\":{\"@type\":\"PropertyValueSpecification\",\"valueRequired\":true,\"valueName\":\"search_term_string\"}}],\"inLanguage\":\"hu\"}]}<\/script>","yoast_head_json":{"title":"OL\u00c9 \u2219 Pt950 \u2219 0.26ct - BOJTI \u00c9kszermanufakt\u00fara","robots":{"index":"index","follow":"follow","max-snippet":"max-snippet:-1","max-image-preview":"max-image-preview:large","max-video-preview":"max-video-preview:-1"},"canonical":"https:\/\/bojtiekszer.hu\/online-store\/termek\/ole-11130\/","og_locale":"hu_HU","og_type":"article","og_title":"OL\u00c9 \u2219 Pt950 \u2219 0.26ct - BOJTI \u00c9kszermanufakt\u00fara","og_description":"Anyag: Platina 950 Front k\u0151: Gy\u00e9m\u00e1nt Front k\u0151 s\u00faly: 0.13 ct Sz\u00edn \/ tisztas\u00e1g: F \/ VS1 Certifik\u00e1t: Nemzetk\u00f6zi \/ IGI Oldal k\u0151: Gy\u00e9m\u00e1nt Oldal k\u0151 s\u00faly: 0.13 ct Sz\u00edn \/ tisztas\u00e1g: G \/ VS Gy\u0171r\u0171 m\u00e9ret: 52 Nr: 001376-O","og_url":"https:\/\/bojtiekszer.hu\/online-store\/termek\/ole-11130\/","og_site_name":"BOJTI \u00c9kszermanufakt\u00fara","article_modified_time":"2025-11-23T14:05:46+00:00","og_image":[{"width":2000,"height":2000,"url":"https:\/\/bojtiekszer.hu\/online-store\/wp-content\/uploads\/2023\/07\/1376-O.jpg","type":"image\/jpeg"}],"twitter_card":"summary_large_image","twitter_misc":{"Becs\u00fclt olvas\u00e1si id\u0151":"1 perc"},"schema":{"@context":"https:\/\/schema.org","@graph":[{"@type":"WebPage","@id":"https:\/\/bojtiekszer.hu\/online-store\/termek\/ole-11130\/","url":"https:\/\/bojtiekszer.hu\/online-store\/termek\/ole-11130\/","name":"OL\u00c9 \u2219 Pt950 \u2219 0.26ct - BOJTI \u00c9kszermanufakt\u00fara","isPartOf":{"@id":"https:\/\/bojtiekszer.hu\/online-store\/#website"},"primaryImageOfPage":{"@id":"https:\/\/bojtiekszer.hu\/online-store\/termek\/ole-11130\/#primaryimage"},"image":{"@id":"https:\/\/bojtiekszer.hu\/online-store\/termek\/ole-11130\/#primaryimage"},"thumbnailUrl":"https:\/\/bojtiekszer.hu\/online-store\/wp-content\/uploads\/2023\/07\/1376-O.jpg","datePublished":"2023-11-27T16:12:38+00:00","dateModified":"2025-11-23T14:05:46+00:00","breadcrumb":{"@id":"https:\/\/bojtiekszer.hu\/online-store\/termek\/ole-11130\/#breadcrumb"},"inLanguage":"hu","potentialAction":[{"@type":"ReadAction","target":["https:\/\/bojtiekszer.hu\/online-store\/termek\/ole-11130\/"]}]},{"@type":"ImageObject","inLanguage":"hu","@id":"https:\/\/bojtiekszer.hu\/online-store\/termek\/ole-11130\/#primaryimage","url":"https:\/\/bojtiekszer.hu\/online-store\/wp-content\/uploads\/2023\/07\/1376-O.jpg","contentUrl":"https:\/\/bojtiekszer.hu\/online-store\/wp-content\/uploads\/2023\/07\/1376-O.jpg","width":2000,"height":2000},{"@type":"BreadcrumbList","@id":"https:\/\/bojtiekszer.hu\/online-store\/termek\/ole-11130\/#breadcrumb","itemListElement":[{"@type":"ListItem","position":1,"name":"Kezd\u0151lap","item":"https:\/\/bojtiekszer.hu\/online-store\/"},{"@type":"ListItem","position":2,"name":"\u00dczlet","item":"https:\/\/bojtiekszer.hu\/online-store\/uzlet\/"},{"@type":"ListItem","position":3,"name":"OL\u00c9 \u2219 Pt950 \u2219 0.26ct"}]},{"@type":"WebSite","@id":"https:\/\/bojtiekszer.hu\/online-store\/#website","url":"https:\/\/bojtiekszer.hu\/online-store\/","name":"BOJTI \u00c9kszermanufakt\u00fara","description":"","potentialAction":[{"@type":"SearchAction","target":{"@type":"EntryPoint","urlTemplate":"https:\/\/bojtiekszer.hu\/online-store\/?s={search_term_string}"},"query-input":{"@type":"PropertyValueSpecification","valueRequired":true,"valueName":"search_term_string"}}],"inLanguage":"hu"}]}},"pll_sync_post":[],"lang":"hu","translations":{"hu":9522,"en":10267},"_links":{"self":[{"href":"https:\/\/bojtiekszer.hu\/online-store\/wp-json\/wp\/v2\/product\/9522"}],"collection":[{"href":"https:\/\/bojtiekszer.hu\/online-store\/wp-json\/wp\/v2\/product"}],"about":[{"href":"https:\/\/bojtiekszer.hu\/online-store\/wp-json\/wp\/v2\/types\/product"}],"replies":[{"embeddable":true,"href":"https:\/\/bojtiekszer.hu\/online-store\/wp-json\/wp\/v2\/comments?post=9522"}],"wp:featuredmedia":[{"embeddable":true,"href":"https:\/\/bojtiekszer.hu\/online-store\/wp-json\/wp\/v2\/media\/9238"}],"wp:attachment":[{"href":"https:\/\/bojtiekszer.hu\/online-store\/wp-json\/wp\/v2\/media?parent=9522"}],"wp:term":[{"taxonomy":"product_brand","embeddable":true,"href":"https:\/\/bojtiekszer.hu\/online-store\/wp-json\/wp\/v2\/product_brand?post=9522"},{"taxonomy":"product_cat","embeddable":true,"href":"https:\/\/bojtiekszer.hu\/online-store\/wp-json\/wp\/v2\/product_cat?post=9522"},{"taxonomy":"product_tag","embeddable":true,"href":"https:\/\/bojtiekszer.hu\/online-store\/wp-json\/wp\/v2\/product_tag?post=9522"}],"curies":[{"name":"wp","href":"https:\/\/api.w.org\/{rel}","templated":true}]}}