{"id":9437,"date":"2023-09-15T09:22:56","date_gmt":"2023-09-15T07:22:56","guid":{"rendered":"https:\/\/bojtiekszer.hu\/online-store\/?post_type=product&#038;p=9437"},"modified":"2026-03-23T21:30:51","modified_gmt":"2026-03-23T19:30:51","slug":"perla-%e2%88%99-fwp-10128","status":"publish","type":"product","link":"https:\/\/bojtiekszer.hu\/online-store\/termek\/perla-%e2%88%99-fwp-10128\/","title":{"rendered":"PERLA \u2219 FWP"},"content":{"rendered":"","protected":false},"excerpt":{"rendered":"<p class=\"p1\">[full_width]<\/p>\n<p class=\"p1\"><b>Z\u00e1r anyag:<\/b> Ez\u00fcst 925<br \/>\n<b>Gy\u00f6ngy: <\/b>6-6.5\u00a0<span class=\"s1\">\u29b0<\/span> FWP<br \/>\n<b>Certifik\u00e1t:<\/b> Saj\u00e1t \/ Bojti \u00c9kszermanufakt\u00fara<br \/>\n<b>Gy\u00f6ngysor hossz:<\/b> 42 cm<\/p>\n","protected":false},"featured_media":9439,"comment_status":"closed","ping_status":"closed","template":"","meta":[],"product_brand":[],"product_cat":[45],"product_tag":[],"class_list":{"0":"post-9437","1":"product","2":"type-product","3":"status-publish","4":"has-post-thumbnail","6":"product_cat-lanc","7":"pa_anyag-ezust-925","9":"first","10":"instock","11":"sold-individually","12":"purchasable","13":"product-type-simple","14":"add-to-wishlist-before_image"},"yoast_head":"<title>PERLA \u2219 FWP - BOJTI \u00c9kszermanufakt\u00fara<\/title>\n<meta name=\"robots\" content=\"index, follow, max-snippet:-1, max-image-preview:large, max-video-preview:-1\" \/>\n<link rel=\"canonical\" href=\"https:\/\/bojtiekszer.hu\/online-store\/termek\/perla-\u2219-fwp-10128\/\" \/>\n<meta property=\"og:locale\" content=\"hu_HU\" \/>\n<meta property=\"og:type\" content=\"article\" \/>\n<meta property=\"og:title\" content=\"PERLA \u2219 FWP - BOJTI \u00c9kszermanufakt\u00fara\" \/>\n<meta property=\"og:description\" content=\"Z\u00e1r anyag: Ez\u00fcst 925 Gy\u00f6ngy: 6-6.5\u00a0\u29b0 FWP Certifik\u00e1t: Saj\u00e1t \/ Bojti \u00c9kszermanufakt\u00fara Gy\u00f6ngysor hossz: 42 cm\" \/>\n<meta property=\"og:url\" content=\"https:\/\/bojtiekszer.hu\/online-store\/termek\/perla-\u2219-fwp-10128\/\" \/>\n<meta property=\"og:site_name\" content=\"BOJTI \u00c9kszermanufakt\u00fara\" \/>\n<meta property=\"article:modified_time\" content=\"2026-03-23T19:30:51+00:00\" \/>\n<meta property=\"og:image\" content=\"https:\/\/bojtiekszer.hu\/online-store\/wp-content\/uploads\/2023\/09\/perla-6-6.5mm-FWP-925Ag-10128.png\" \/>\n\t<meta property=\"og:image:width\" content=\"1894\" \/>\n\t<meta property=\"og:image:height\" content=\"1892\" \/>\n\t<meta property=\"og:image:type\" content=\"image\/png\" \/>\n<meta name=\"twitter:card\" content=\"summary_large_image\" \/>\n<script type=\"application\/ld+json\" class=\"yoast-schema-graph\">{\"@context\":\"https:\/\/schema.org\",\"@graph\":[{\"@type\":\"WebPage\",\"@id\":\"https:\/\/bojtiekszer.hu\/online-store\/termek\/perla-%e2%88%99-fwp-10128\/\",\"url\":\"https:\/\/bojtiekszer.hu\/online-store\/termek\/perla-%e2%88%99-fwp-10128\/\",\"name\":\"PERLA \u2219 FWP - BOJTI \u00c9kszermanufakt\u00fara\",\"isPartOf\":{\"@id\":\"https:\/\/bojtiekszer.hu\/online-store\/#website\"},\"primaryImageOfPage\":{\"@id\":\"https:\/\/bojtiekszer.hu\/online-store\/termek\/perla-%e2%88%99-fwp-10128\/#primaryimage\"},\"image\":{\"@id\":\"https:\/\/bojtiekszer.hu\/online-store\/termek\/perla-%e2%88%99-fwp-10128\/#primaryimage\"},\"thumbnailUrl\":\"https:\/\/bojtiekszer.hu\/online-store\/wp-content\/uploads\/2023\/09\/perla-6-6.5mm-FWP-925Ag-10128.png\",\"datePublished\":\"2023-09-15T07:22:56+00:00\",\"dateModified\":\"2026-03-23T19:30:51+00:00\",\"breadcrumb\":{\"@id\":\"https:\/\/bojtiekszer.hu\/online-store\/termek\/perla-%e2%88%99-fwp-10128\/#breadcrumb\"},\"inLanguage\":\"hu\",\"potentialAction\":[{\"@type\":\"ReadAction\",\"target\":[\"https:\/\/bojtiekszer.hu\/online-store\/termek\/perla-%e2%88%99-fwp-10128\/\"]}]},{\"@type\":\"ImageObject\",\"inLanguage\":\"hu\",\"@id\":\"https:\/\/bojtiekszer.hu\/online-store\/termek\/perla-%e2%88%99-fwp-10128\/#primaryimage\",\"url\":\"https:\/\/bojtiekszer.hu\/online-store\/wp-content\/uploads\/2023\/09\/perla-6-6.5mm-FWP-925Ag-10128.png\",\"contentUrl\":\"https:\/\/bojtiekszer.hu\/online-store\/wp-content\/uploads\/2023\/09\/perla-6-6.5mm-FWP-925Ag-10128.png\",\"width\":1894,\"height\":1892},{\"@type\":\"BreadcrumbList\",\"@id\":\"https:\/\/bojtiekszer.hu\/online-store\/termek\/perla-%e2%88%99-fwp-10128\/#breadcrumb\",\"itemListElement\":[{\"@type\":\"ListItem\",\"position\":1,\"name\":\"Kezd\u0151lap\",\"item\":\"https:\/\/bojtiekszer.hu\/online-store\/\"},{\"@type\":\"ListItem\",\"position\":2,\"name\":\"\u00dczlet\",\"item\":\"https:\/\/bojtiekszer.hu\/online-store\/uzlet\/\"},{\"@type\":\"ListItem\",\"position\":3,\"name\":\"PERLA \u2219 FWP\"}]},{\"@type\":\"WebSite\",\"@id\":\"https:\/\/bojtiekszer.hu\/online-store\/#website\",\"url\":\"https:\/\/bojtiekszer.hu\/online-store\/\",\"name\":\"BOJTI \u00c9kszermanufakt\u00fara\",\"description\":\"\",\"potentialAction\":[{\"@type\":\"SearchAction\",\"target\":{\"@type\":\"EntryPoint\",\"urlTemplate\":\"https:\/\/bojtiekszer.hu\/online-store\/?s={search_term_string}\"},\"query-input\":{\"@type\":\"PropertyValueSpecification\",\"valueRequired\":true,\"valueName\":\"search_term_string\"}}],\"inLanguage\":\"hu\"}]}<\/script>","yoast_head_json":{"title":"PERLA \u2219 FWP - BOJTI \u00c9kszermanufakt\u00fara","robots":{"index":"index","follow":"follow","max-snippet":"max-snippet:-1","max-image-preview":"max-image-preview:large","max-video-preview":"max-video-preview:-1"},"canonical":"https:\/\/bojtiekszer.hu\/online-store\/termek\/perla-\u2219-fwp-10128\/","og_locale":"hu_HU","og_type":"article","og_title":"PERLA \u2219 FWP - BOJTI \u00c9kszermanufakt\u00fara","og_description":"Z\u00e1r anyag: Ez\u00fcst 925 Gy\u00f6ngy: 6-6.5\u00a0\u29b0 FWP Certifik\u00e1t: Saj\u00e1t \/ Bojti \u00c9kszermanufakt\u00fara Gy\u00f6ngysor hossz: 42 cm","og_url":"https:\/\/bojtiekszer.hu\/online-store\/termek\/perla-\u2219-fwp-10128\/","og_site_name":"BOJTI \u00c9kszermanufakt\u00fara","article_modified_time":"2026-03-23T19:30:51+00:00","og_image":[{"width":1894,"height":1892,"url":"https:\/\/bojtiekszer.hu\/online-store\/wp-content\/uploads\/2023\/09\/perla-6-6.5mm-FWP-925Ag-10128.png","type":"image\/png"}],"twitter_card":"summary_large_image","schema":{"@context":"https:\/\/schema.org","@graph":[{"@type":"WebPage","@id":"https:\/\/bojtiekszer.hu\/online-store\/termek\/perla-%e2%88%99-fwp-10128\/","url":"https:\/\/bojtiekszer.hu\/online-store\/termek\/perla-%e2%88%99-fwp-10128\/","name":"PERLA \u2219 FWP - BOJTI \u00c9kszermanufakt\u00fara","isPartOf":{"@id":"https:\/\/bojtiekszer.hu\/online-store\/#website"},"primaryImageOfPage":{"@id":"https:\/\/bojtiekszer.hu\/online-store\/termek\/perla-%e2%88%99-fwp-10128\/#primaryimage"},"image":{"@id":"https:\/\/bojtiekszer.hu\/online-store\/termek\/perla-%e2%88%99-fwp-10128\/#primaryimage"},"thumbnailUrl":"https:\/\/bojtiekszer.hu\/online-store\/wp-content\/uploads\/2023\/09\/perla-6-6.5mm-FWP-925Ag-10128.png","datePublished":"2023-09-15T07:22:56+00:00","dateModified":"2026-03-23T19:30:51+00:00","breadcrumb":{"@id":"https:\/\/bojtiekszer.hu\/online-store\/termek\/perla-%e2%88%99-fwp-10128\/#breadcrumb"},"inLanguage":"hu","potentialAction":[{"@type":"ReadAction","target":["https:\/\/bojtiekszer.hu\/online-store\/termek\/perla-%e2%88%99-fwp-10128\/"]}]},{"@type":"ImageObject","inLanguage":"hu","@id":"https:\/\/bojtiekszer.hu\/online-store\/termek\/perla-%e2%88%99-fwp-10128\/#primaryimage","url":"https:\/\/bojtiekszer.hu\/online-store\/wp-content\/uploads\/2023\/09\/perla-6-6.5mm-FWP-925Ag-10128.png","contentUrl":"https:\/\/bojtiekszer.hu\/online-store\/wp-content\/uploads\/2023\/09\/perla-6-6.5mm-FWP-925Ag-10128.png","width":1894,"height":1892},{"@type":"BreadcrumbList","@id":"https:\/\/bojtiekszer.hu\/online-store\/termek\/perla-%e2%88%99-fwp-10128\/#breadcrumb","itemListElement":[{"@type":"ListItem","position":1,"name":"Kezd\u0151lap","item":"https:\/\/bojtiekszer.hu\/online-store\/"},{"@type":"ListItem","position":2,"name":"\u00dczlet","item":"https:\/\/bojtiekszer.hu\/online-store\/uzlet\/"},{"@type":"ListItem","position":3,"name":"PERLA \u2219 FWP"}]},{"@type":"WebSite","@id":"https:\/\/bojtiekszer.hu\/online-store\/#website","url":"https:\/\/bojtiekszer.hu\/online-store\/","name":"BOJTI \u00c9kszermanufakt\u00fara","description":"","potentialAction":[{"@type":"SearchAction","target":{"@type":"EntryPoint","urlTemplate":"https:\/\/bojtiekszer.hu\/online-store\/?s={search_term_string}"},"query-input":{"@type":"PropertyValueSpecification","valueRequired":true,"valueName":"search_term_string"}}],"inLanguage":"hu"}]}},"pll_sync_post":[],"lang":"hu","translations":{"hu":9437,"en":10281},"_links":{"self":[{"href":"https:\/\/bojtiekszer.hu\/online-store\/wp-json\/wp\/v2\/product\/9437"}],"collection":[{"href":"https:\/\/bojtiekszer.hu\/online-store\/wp-json\/wp\/v2\/product"}],"about":[{"href":"https:\/\/bojtiekszer.hu\/online-store\/wp-json\/wp\/v2\/types\/product"}],"replies":[{"embeddable":true,"href":"https:\/\/bojtiekszer.hu\/online-store\/wp-json\/wp\/v2\/comments?post=9437"}],"wp:featuredmedia":[{"embeddable":true,"href":"https:\/\/bojtiekszer.hu\/online-store\/wp-json\/wp\/v2\/media\/9439"}],"wp:attachment":[{"href":"https:\/\/bojtiekszer.hu\/online-store\/wp-json\/wp\/v2\/media?parent=9437"}],"wp:term":[{"taxonomy":"product_brand","embeddable":true,"href":"https:\/\/bojtiekszer.hu\/online-store\/wp-json\/wp\/v2\/product_brand?post=9437"},{"taxonomy":"product_cat","embeddable":true,"href":"https:\/\/bojtiekszer.hu\/online-store\/wp-json\/wp\/v2\/product_cat?post=9437"},{"taxonomy":"product_tag","embeddable":true,"href":"https:\/\/bojtiekszer.hu\/online-store\/wp-json\/wp\/v2\/product_tag?post=9437"}],"curies":[{"name":"wp","href":"https:\/\/api.w.org\/{rel}","templated":true}]}}