{"id":9389,"date":"2023-09-01T14:21:30","date_gmt":"2023-09-01T12:21:30","guid":{"rendered":"https:\/\/bojtiekszer.hu\/online-store\/?post_type=product&#038;p=9389"},"modified":"2026-03-23T21:31:24","modified_gmt":"2026-03-23T19:31:24","slug":"ole-10977","status":"publish","type":"product","link":"https:\/\/bojtiekszer.hu\/online-store\/termek\/ole-10977\/","title":{"rendered":"OL\u00c9 \u2219 Pt950 \u2219 Blue Diamond"},"content":{"rendered":"","protected":false},"excerpt":{"rendered":"<p class=\"p1\">[full_width]<\/p>\n<p class=\"p1\"><b>Anyag:<\/b> Platina 950<br \/>\n<b>Front k\u0151:<\/b> Blue Diamond \/ Lab Grown<br \/>\n<b>Front k\u0151 s\u00faly:<\/b> 0.54 ct<br \/>\n<b>Sz\u00edn: <\/b>Blue \/ Fancy Vivid<br \/>\n<b>Oldal k\u0151:<\/b> Gy\u00e9m\u00e1nt<br \/>\n<b>Oldal k\u0151 s\u00faly:<\/b> 0.25 ct<br \/>\n<b>Sz\u00edn \/ tisztas\u00e1g:<\/b> G \/ VS<br \/>\n<b>Gy\u0171r\u0171 m\u00e9ret:<\/b> 52<br \/>\n<strong>Certifik\u00e1t:<\/strong> Saj\u00e1t \/ Bojti \u00c9kszermanufakt\u00fara<br \/>\n<strong>Nr:<\/strong> 001376-O<\/p>\n","protected":false},"featured_media":9857,"comment_status":"closed","ping_status":"closed","template":"","meta":[],"product_brand":[],"product_cat":[43],"product_tag":[],"class_list":{"0":"post-9389","1":"product","2":"type-product","3":"status-publish","4":"has-post-thumbnail","6":"product_cat-eljegyzesi-gyuru","7":"pa_anyag-platina-950","8":"pa_ko-fajtaja-lab-grown-gyemant","9":"pa_ko-merete-0-54-ct","10":"pa_minoseg-fancy-vivid","12":"first","13":"instock","14":"sold-individually","15":"purchasable","16":"product-type-simple","17":"add-to-wishlist-before_image"},"yoast_head":"<title>OL\u00c9 \u2219 Pt950 \u2219 Blue Diamond - BOJTI \u00c9kszermanufakt\u00fara<\/title>\n<meta name=\"robots\" content=\"index, follow, max-snippet:-1, max-image-preview:large, max-video-preview:-1\" \/>\n<link rel=\"canonical\" href=\"https:\/\/bojtiekszer.hu\/online-store\/termek\/ole-10977\/\" \/>\n<meta property=\"og:locale\" content=\"hu_HU\" \/>\n<meta property=\"og:type\" content=\"article\" \/>\n<meta property=\"og:title\" content=\"OL\u00c9 \u2219 Pt950 \u2219 Blue Diamond - BOJTI \u00c9kszermanufakt\u00fara\" \/>\n<meta property=\"og:description\" content=\"Anyag: Platina 950 Front k\u0151: Blue Diamond \/ Lab Grown Front k\u0151 s\u00faly: 0.54 ct Sz\u00edn: Blue \/ Fancy Vivid Oldal k\u0151: Gy\u00e9m\u00e1nt Oldal k\u0151 s\u00faly: 0.25 ct Sz\u00edn \/ tisztas\u00e1g: G \/ VS Gy\u0171r\u0171 m\u00e9ret: 52 Certifik\u00e1t: Saj\u00e1t \/ Bojti \u00c9kszermanufakt\u00fara Nr: 001376-O\" \/>\n<meta property=\"og:url\" content=\"https:\/\/bojtiekszer.hu\/online-store\/termek\/ole-10977\/\" \/>\n<meta property=\"og:site_name\" content=\"BOJTI \u00c9kszermanufakt\u00fara\" \/>\n<meta property=\"article:modified_time\" content=\"2026-03-23T19:31:24+00:00\" \/>\n<meta property=\"og:image\" content=\"https:\/\/bojtiekszer.hu\/online-store\/wp-content\/uploads\/2023\/09\/1376-o-blue-lab-1.jpg\" \/>\n\t<meta property=\"og:image:width\" content=\"2000\" \/>\n\t<meta property=\"og:image:height\" content=\"2000\" \/>\n\t<meta property=\"og:image:type\" content=\"image\/jpeg\" \/>\n<meta name=\"twitter:card\" content=\"summary_large_image\" \/>\n<script type=\"application\/ld+json\" class=\"yoast-schema-graph\">{\"@context\":\"https:\/\/schema.org\",\"@graph\":[{\"@type\":\"WebPage\",\"@id\":\"https:\/\/bojtiekszer.hu\/online-store\/termek\/ole-10977\/\",\"url\":\"https:\/\/bojtiekszer.hu\/online-store\/termek\/ole-10977\/\",\"name\":\"OL\u00c9 \u2219 Pt950 \u2219 Blue Diamond - BOJTI \u00c9kszermanufakt\u00fara\",\"isPartOf\":{\"@id\":\"https:\/\/bojtiekszer.hu\/online-store\/#website\"},\"primaryImageOfPage\":{\"@id\":\"https:\/\/bojtiekszer.hu\/online-store\/termek\/ole-10977\/#primaryimage\"},\"image\":{\"@id\":\"https:\/\/bojtiekszer.hu\/online-store\/termek\/ole-10977\/#primaryimage\"},\"thumbnailUrl\":\"https:\/\/bojtiekszer.hu\/online-store\/wp-content\/uploads\/2023\/09\/1376-o-blue-lab-1.jpg\",\"datePublished\":\"2023-09-01T12:21:30+00:00\",\"dateModified\":\"2026-03-23T19:31:24+00:00\",\"breadcrumb\":{\"@id\":\"https:\/\/bojtiekszer.hu\/online-store\/termek\/ole-10977\/#breadcrumb\"},\"inLanguage\":\"hu\",\"potentialAction\":[{\"@type\":\"ReadAction\",\"target\":[\"https:\/\/bojtiekszer.hu\/online-store\/termek\/ole-10977\/\"]}]},{\"@type\":\"ImageObject\",\"inLanguage\":\"hu\",\"@id\":\"https:\/\/bojtiekszer.hu\/online-store\/termek\/ole-10977\/#primaryimage\",\"url\":\"https:\/\/bojtiekszer.hu\/online-store\/wp-content\/uploads\/2023\/09\/1376-o-blue-lab-1.jpg\",\"contentUrl\":\"https:\/\/bojtiekszer.hu\/online-store\/wp-content\/uploads\/2023\/09\/1376-o-blue-lab-1.jpg\",\"width\":2000,\"height\":2000},{\"@type\":\"BreadcrumbList\",\"@id\":\"https:\/\/bojtiekszer.hu\/online-store\/termek\/ole-10977\/#breadcrumb\",\"itemListElement\":[{\"@type\":\"ListItem\",\"position\":1,\"name\":\"Kezd\u0151lap\",\"item\":\"https:\/\/bojtiekszer.hu\/online-store\/\"},{\"@type\":\"ListItem\",\"position\":2,\"name\":\"\u00dczlet\",\"item\":\"https:\/\/bojtiekszer.hu\/online-store\/uzlet\/\"},{\"@type\":\"ListItem\",\"position\":3,\"name\":\"OL\u00c9 \u2219 Pt950 \u2219 Blue Diamond\"}]},{\"@type\":\"WebSite\",\"@id\":\"https:\/\/bojtiekszer.hu\/online-store\/#website\",\"url\":\"https:\/\/bojtiekszer.hu\/online-store\/\",\"name\":\"BOJTI \u00c9kszermanufakt\u00fara\",\"description\":\"\",\"potentialAction\":[{\"@type\":\"SearchAction\",\"target\":{\"@type\":\"EntryPoint\",\"urlTemplate\":\"https:\/\/bojtiekszer.hu\/online-store\/?s={search_term_string}\"},\"query-input\":{\"@type\":\"PropertyValueSpecification\",\"valueRequired\":true,\"valueName\":\"search_term_string\"}}],\"inLanguage\":\"hu\"}]}<\/script>","yoast_head_json":{"title":"OL\u00c9 \u2219 Pt950 \u2219 Blue Diamond - BOJTI \u00c9kszermanufakt\u00fara","robots":{"index":"index","follow":"follow","max-snippet":"max-snippet:-1","max-image-preview":"max-image-preview:large","max-video-preview":"max-video-preview:-1"},"canonical":"https:\/\/bojtiekszer.hu\/online-store\/termek\/ole-10977\/","og_locale":"hu_HU","og_type":"article","og_title":"OL\u00c9 \u2219 Pt950 \u2219 Blue Diamond - BOJTI \u00c9kszermanufakt\u00fara","og_description":"Anyag: Platina 950 Front k\u0151: Blue Diamond \/ Lab Grown Front k\u0151 s\u00faly: 0.54 ct Sz\u00edn: Blue \/ Fancy Vivid Oldal k\u0151: Gy\u00e9m\u00e1nt Oldal k\u0151 s\u00faly: 0.25 ct Sz\u00edn \/ tisztas\u00e1g: G \/ VS Gy\u0171r\u0171 m\u00e9ret: 52 Certifik\u00e1t: Saj\u00e1t \/ Bojti \u00c9kszermanufakt\u00fara Nr: 001376-O","og_url":"https:\/\/bojtiekszer.hu\/online-store\/termek\/ole-10977\/","og_site_name":"BOJTI \u00c9kszermanufakt\u00fara","article_modified_time":"2026-03-23T19:31:24+00:00","og_image":[{"width":2000,"height":2000,"url":"https:\/\/bojtiekszer.hu\/online-store\/wp-content\/uploads\/2023\/09\/1376-o-blue-lab-1.jpg","type":"image\/jpeg"}],"twitter_card":"summary_large_image","schema":{"@context":"https:\/\/schema.org","@graph":[{"@type":"WebPage","@id":"https:\/\/bojtiekszer.hu\/online-store\/termek\/ole-10977\/","url":"https:\/\/bojtiekszer.hu\/online-store\/termek\/ole-10977\/","name":"OL\u00c9 \u2219 Pt950 \u2219 Blue Diamond - BOJTI \u00c9kszermanufakt\u00fara","isPartOf":{"@id":"https:\/\/bojtiekszer.hu\/online-store\/#website"},"primaryImageOfPage":{"@id":"https:\/\/bojtiekszer.hu\/online-store\/termek\/ole-10977\/#primaryimage"},"image":{"@id":"https:\/\/bojtiekszer.hu\/online-store\/termek\/ole-10977\/#primaryimage"},"thumbnailUrl":"https:\/\/bojtiekszer.hu\/online-store\/wp-content\/uploads\/2023\/09\/1376-o-blue-lab-1.jpg","datePublished":"2023-09-01T12:21:30+00:00","dateModified":"2026-03-23T19:31:24+00:00","breadcrumb":{"@id":"https:\/\/bojtiekszer.hu\/online-store\/termek\/ole-10977\/#breadcrumb"},"inLanguage":"hu","potentialAction":[{"@type":"ReadAction","target":["https:\/\/bojtiekszer.hu\/online-store\/termek\/ole-10977\/"]}]},{"@type":"ImageObject","inLanguage":"hu","@id":"https:\/\/bojtiekszer.hu\/online-store\/termek\/ole-10977\/#primaryimage","url":"https:\/\/bojtiekszer.hu\/online-store\/wp-content\/uploads\/2023\/09\/1376-o-blue-lab-1.jpg","contentUrl":"https:\/\/bojtiekszer.hu\/online-store\/wp-content\/uploads\/2023\/09\/1376-o-blue-lab-1.jpg","width":2000,"height":2000},{"@type":"BreadcrumbList","@id":"https:\/\/bojtiekszer.hu\/online-store\/termek\/ole-10977\/#breadcrumb","itemListElement":[{"@type":"ListItem","position":1,"name":"Kezd\u0151lap","item":"https:\/\/bojtiekszer.hu\/online-store\/"},{"@type":"ListItem","position":2,"name":"\u00dczlet","item":"https:\/\/bojtiekszer.hu\/online-store\/uzlet\/"},{"@type":"ListItem","position":3,"name":"OL\u00c9 \u2219 Pt950 \u2219 Blue Diamond"}]},{"@type":"WebSite","@id":"https:\/\/bojtiekszer.hu\/online-store\/#website","url":"https:\/\/bojtiekszer.hu\/online-store\/","name":"BOJTI \u00c9kszermanufakt\u00fara","description":"","potentialAction":[{"@type":"SearchAction","target":{"@type":"EntryPoint","urlTemplate":"https:\/\/bojtiekszer.hu\/online-store\/?s={search_term_string}"},"query-input":{"@type":"PropertyValueSpecification","valueRequired":true,"valueName":"search_term_string"}}],"inLanguage":"hu"}]}},"pll_sync_post":[],"lang":"hu","translations":{"hu":9389,"en":10291},"_links":{"self":[{"href":"https:\/\/bojtiekszer.hu\/online-store\/wp-json\/wp\/v2\/product\/9389"}],"collection":[{"href":"https:\/\/bojtiekszer.hu\/online-store\/wp-json\/wp\/v2\/product"}],"about":[{"href":"https:\/\/bojtiekszer.hu\/online-store\/wp-json\/wp\/v2\/types\/product"}],"replies":[{"embeddable":true,"href":"https:\/\/bojtiekszer.hu\/online-store\/wp-json\/wp\/v2\/comments?post=9389"}],"wp:featuredmedia":[{"embeddable":true,"href":"https:\/\/bojtiekszer.hu\/online-store\/wp-json\/wp\/v2\/media\/9857"}],"wp:attachment":[{"href":"https:\/\/bojtiekszer.hu\/online-store\/wp-json\/wp\/v2\/media?parent=9389"}],"wp:term":[{"taxonomy":"product_brand","embeddable":true,"href":"https:\/\/bojtiekszer.hu\/online-store\/wp-json\/wp\/v2\/product_brand?post=9389"},{"taxonomy":"product_cat","embeddable":true,"href":"https:\/\/bojtiekszer.hu\/online-store\/wp-json\/wp\/v2\/product_cat?post=9389"},{"taxonomy":"product_tag","embeddable":true,"href":"https:\/\/bojtiekszer.hu\/online-store\/wp-json\/wp\/v2\/product_tag?post=9389"}],"curies":[{"name":"wp","href":"https:\/\/api.w.org\/{rel}","templated":true}]}}