{"id":8822,"date":"2023-02-06T13:45:43","date_gmt":"2023-02-06T11:45:43","guid":{"rendered":"https:\/\/bojtiekszer.hu\/online-store\/?post_type=product&#038;p=8822"},"modified":"2025-11-22T18:19:27","modified_gmt":"2025-11-22T16:19:27","slug":"poppyseed-1323-10534","status":"publish","type":"product","link":"https:\/\/bojtiekszer.hu\/online-store\/termek\/poppyseed-1323-10534\/","title":{"rendered":"POPPYSEED \u2219 14kt \u2219 Blue Diamond"},"content":{"rendered":"","protected":false},"excerpt":{"rendered":"<p class=\"p1\">[full_width]<\/p>\n<p class=\"p1\"><b>Anyag:<\/b> 14 kt Feh\u00e9r arany<br \/>\n<b>Front k\u0151:<\/b> Gy\u00e9m\u00e1nt<br \/>\n<b>Front k\u0151 s\u00faly:<\/b> 0.05 ct \/ p\u00e1r<br \/>\n<b>Sz\u00edn \/ tisztas\u00e1g:<\/b> Blue Diamond \/ VS<br \/>\n<b>Certifik\u00e1t:<\/b> Saj\u00e1t \/ Bojti \u00c9kszermanufakt\u00fara<br \/>\n<strong>F\u00fclbeval\u00f3 \u00e1tm\u00e9r\u0151:<\/strong> ~ 8 mm<br \/>\n<strong>Nr:<\/strong> 001323<\/p>\n","protected":false},"featured_media":7680,"comment_status":"closed","ping_status":"closed","template":"","meta":[],"product_brand":[],"product_cat":[46],"product_tag":[],"class_list":{"0":"post-8822","1":"product","2":"type-product","3":"status-publish","4":"has-post-thumbnail","6":"product_cat-fulbevalo","7":"pa_anyag-feher-arany-14-k","8":"pa_ko-fajtaja-kek-gyemant","9":"pa_ko-merete-0-05-ct","11":"first","12":"outofstock","13":"sold-individually","14":"purchasable","15":"product-type-simple","16":"add-to-wishlist-before_image"},"yoast_head":"<title>POPPYSEED \u2219 14kt \u2219 Blue Diamond - BOJTI \u00c9kszermanufakt\u00fara<\/title>\n<meta name=\"robots\" content=\"index, follow, max-snippet:-1, max-image-preview:large, max-video-preview:-1\" \/>\n<link rel=\"canonical\" href=\"https:\/\/bojtiekszer.hu\/online-store\/termek\/poppyseed-1323-10534\/\" \/>\n<meta property=\"og:locale\" content=\"hu_HU\" \/>\n<meta property=\"og:type\" content=\"article\" \/>\n<meta property=\"og:title\" content=\"POPPYSEED \u2219 14kt \u2219 Blue Diamond - BOJTI \u00c9kszermanufakt\u00fara\" \/>\n<meta property=\"og:description\" content=\"Anyag: 14 kt Feh\u00e9r arany Front k\u0151: Gy\u00e9m\u00e1nt Front k\u0151 s\u00faly: 0.05 ct \/ p\u00e1r Sz\u00edn \/ tisztas\u00e1g: Blue Diamond \/ VS Certifik\u00e1t: Saj\u00e1t \/ Bojti \u00c9kszermanufakt\u00fara F\u00fclbeval\u00f3 \u00e1tm\u00e9r\u0151: ~ 8 mm Nr: 001323\" \/>\n<meta property=\"og:url\" content=\"https:\/\/bojtiekszer.hu\/online-store\/termek\/poppyseed-1323-10534\/\" \/>\n<meta property=\"og:site_name\" content=\"BOJTI \u00c9kszermanufakt\u00fara\" \/>\n<meta property=\"article:modified_time\" content=\"2025-11-22T16:19:27+00:00\" \/>\n<meta property=\"og:image\" content=\"https:\/\/bojtiekszer.hu\/online-store\/wp-content\/uploads\/2022\/07\/1323-f-90fok-blue-diamond.jpg\" \/>\n\t<meta property=\"og:image:width\" content=\"2000\" \/>\n\t<meta property=\"og:image:height\" content=\"2000\" \/>\n\t<meta property=\"og:image:type\" content=\"image\/jpeg\" \/>\n<meta name=\"twitter:card\" content=\"summary_large_image\" \/>\n<meta name=\"twitter:label1\" content=\"Becs\u00fclt olvas\u00e1si id\u0151\" \/>\n\t<meta name=\"twitter:data1\" content=\"1 perc\" \/>\n<script type=\"application\/ld+json\" class=\"yoast-schema-graph\">{\"@context\":\"https:\/\/schema.org\",\"@graph\":[{\"@type\":\"WebPage\",\"@id\":\"https:\/\/bojtiekszer.hu\/online-store\/termek\/poppyseed-1323-10534\/\",\"url\":\"https:\/\/bojtiekszer.hu\/online-store\/termek\/poppyseed-1323-10534\/\",\"name\":\"POPPYSEED \u2219 14kt \u2219 Blue Diamond - BOJTI \u00c9kszermanufakt\u00fara\",\"isPartOf\":{\"@id\":\"https:\/\/bojtiekszer.hu\/online-store\/#website\"},\"primaryImageOfPage\":{\"@id\":\"https:\/\/bojtiekszer.hu\/online-store\/termek\/poppyseed-1323-10534\/#primaryimage\"},\"image\":{\"@id\":\"https:\/\/bojtiekszer.hu\/online-store\/termek\/poppyseed-1323-10534\/#primaryimage\"},\"thumbnailUrl\":\"https:\/\/bojtiekszer.hu\/online-store\/wp-content\/uploads\/2022\/07\/1323-f-90fok-blue-diamond.jpg\",\"datePublished\":\"2023-02-06T11:45:43+00:00\",\"dateModified\":\"2025-11-22T16:19:27+00:00\",\"breadcrumb\":{\"@id\":\"https:\/\/bojtiekszer.hu\/online-store\/termek\/poppyseed-1323-10534\/#breadcrumb\"},\"inLanguage\":\"hu\",\"potentialAction\":[{\"@type\":\"ReadAction\",\"target\":[\"https:\/\/bojtiekszer.hu\/online-store\/termek\/poppyseed-1323-10534\/\"]}]},{\"@type\":\"ImageObject\",\"inLanguage\":\"hu\",\"@id\":\"https:\/\/bojtiekszer.hu\/online-store\/termek\/poppyseed-1323-10534\/#primaryimage\",\"url\":\"https:\/\/bojtiekszer.hu\/online-store\/wp-content\/uploads\/2022\/07\/1323-f-90fok-blue-diamond.jpg\",\"contentUrl\":\"https:\/\/bojtiekszer.hu\/online-store\/wp-content\/uploads\/2022\/07\/1323-f-90fok-blue-diamond.jpg\",\"width\":2000,\"height\":2000},{\"@type\":\"BreadcrumbList\",\"@id\":\"https:\/\/bojtiekszer.hu\/online-store\/termek\/poppyseed-1323-10534\/#breadcrumb\",\"itemListElement\":[{\"@type\":\"ListItem\",\"position\":1,\"name\":\"Kezd\u0151lap\",\"item\":\"https:\/\/bojtiekszer.hu\/online-store\/\"},{\"@type\":\"ListItem\",\"position\":2,\"name\":\"\u00dczlet\",\"item\":\"https:\/\/bojtiekszer.hu\/online-store\/uzlet\/\"},{\"@type\":\"ListItem\",\"position\":3,\"name\":\"POPPYSEED \u2219 14kt \u2219 Blue Diamond\"}]},{\"@type\":\"WebSite\",\"@id\":\"https:\/\/bojtiekszer.hu\/online-store\/#website\",\"url\":\"https:\/\/bojtiekszer.hu\/online-store\/\",\"name\":\"BOJTI \u00c9kszermanufakt\u00fara\",\"description\":\"\",\"potentialAction\":[{\"@type\":\"SearchAction\",\"target\":{\"@type\":\"EntryPoint\",\"urlTemplate\":\"https:\/\/bojtiekszer.hu\/online-store\/?s={search_term_string}\"},\"query-input\":{\"@type\":\"PropertyValueSpecification\",\"valueRequired\":true,\"valueName\":\"search_term_string\"}}],\"inLanguage\":\"hu\"}]}<\/script>","yoast_head_json":{"title":"POPPYSEED \u2219 14kt \u2219 Blue Diamond - BOJTI \u00c9kszermanufakt\u00fara","robots":{"index":"index","follow":"follow","max-snippet":"max-snippet:-1","max-image-preview":"max-image-preview:large","max-video-preview":"max-video-preview:-1"},"canonical":"https:\/\/bojtiekszer.hu\/online-store\/termek\/poppyseed-1323-10534\/","og_locale":"hu_HU","og_type":"article","og_title":"POPPYSEED \u2219 14kt \u2219 Blue Diamond - BOJTI \u00c9kszermanufakt\u00fara","og_description":"Anyag: 14 kt Feh\u00e9r arany Front k\u0151: Gy\u00e9m\u00e1nt Front k\u0151 s\u00faly: 0.05 ct \/ p\u00e1r Sz\u00edn \/ tisztas\u00e1g: Blue Diamond \/ VS Certifik\u00e1t: Saj\u00e1t \/ Bojti \u00c9kszermanufakt\u00fara F\u00fclbeval\u00f3 \u00e1tm\u00e9r\u0151: ~ 8 mm Nr: 001323","og_url":"https:\/\/bojtiekszer.hu\/online-store\/termek\/poppyseed-1323-10534\/","og_site_name":"BOJTI \u00c9kszermanufakt\u00fara","article_modified_time":"2025-11-22T16:19:27+00:00","og_image":[{"width":2000,"height":2000,"url":"https:\/\/bojtiekszer.hu\/online-store\/wp-content\/uploads\/2022\/07\/1323-f-90fok-blue-diamond.jpg","type":"image\/jpeg"}],"twitter_card":"summary_large_image","twitter_misc":{"Becs\u00fclt olvas\u00e1si id\u0151":"1 perc"},"schema":{"@context":"https:\/\/schema.org","@graph":[{"@type":"WebPage","@id":"https:\/\/bojtiekszer.hu\/online-store\/termek\/poppyseed-1323-10534\/","url":"https:\/\/bojtiekszer.hu\/online-store\/termek\/poppyseed-1323-10534\/","name":"POPPYSEED \u2219 14kt \u2219 Blue Diamond - BOJTI \u00c9kszermanufakt\u00fara","isPartOf":{"@id":"https:\/\/bojtiekszer.hu\/online-store\/#website"},"primaryImageOfPage":{"@id":"https:\/\/bojtiekszer.hu\/online-store\/termek\/poppyseed-1323-10534\/#primaryimage"},"image":{"@id":"https:\/\/bojtiekszer.hu\/online-store\/termek\/poppyseed-1323-10534\/#primaryimage"},"thumbnailUrl":"https:\/\/bojtiekszer.hu\/online-store\/wp-content\/uploads\/2022\/07\/1323-f-90fok-blue-diamond.jpg","datePublished":"2023-02-06T11:45:43+00:00","dateModified":"2025-11-22T16:19:27+00:00","breadcrumb":{"@id":"https:\/\/bojtiekszer.hu\/online-store\/termek\/poppyseed-1323-10534\/#breadcrumb"},"inLanguage":"hu","potentialAction":[{"@type":"ReadAction","target":["https:\/\/bojtiekszer.hu\/online-store\/termek\/poppyseed-1323-10534\/"]}]},{"@type":"ImageObject","inLanguage":"hu","@id":"https:\/\/bojtiekszer.hu\/online-store\/termek\/poppyseed-1323-10534\/#primaryimage","url":"https:\/\/bojtiekszer.hu\/online-store\/wp-content\/uploads\/2022\/07\/1323-f-90fok-blue-diamond.jpg","contentUrl":"https:\/\/bojtiekszer.hu\/online-store\/wp-content\/uploads\/2022\/07\/1323-f-90fok-blue-diamond.jpg","width":2000,"height":2000},{"@type":"BreadcrumbList","@id":"https:\/\/bojtiekszer.hu\/online-store\/termek\/poppyseed-1323-10534\/#breadcrumb","itemListElement":[{"@type":"ListItem","position":1,"name":"Kezd\u0151lap","item":"https:\/\/bojtiekszer.hu\/online-store\/"},{"@type":"ListItem","position":2,"name":"\u00dczlet","item":"https:\/\/bojtiekszer.hu\/online-store\/uzlet\/"},{"@type":"ListItem","position":3,"name":"POPPYSEED \u2219 14kt \u2219 Blue Diamond"}]},{"@type":"WebSite","@id":"https:\/\/bojtiekszer.hu\/online-store\/#website","url":"https:\/\/bojtiekszer.hu\/online-store\/","name":"BOJTI \u00c9kszermanufakt\u00fara","description":"","potentialAction":[{"@type":"SearchAction","target":{"@type":"EntryPoint","urlTemplate":"https:\/\/bojtiekszer.hu\/online-store\/?s={search_term_string}"},"query-input":{"@type":"PropertyValueSpecification","valueRequired":true,"valueName":"search_term_string"}}],"inLanguage":"hu"}]}},"pll_sync_post":[],"lang":"hu","translations":{"hu":8822,"en":10354},"_links":{"self":[{"href":"https:\/\/bojtiekszer.hu\/online-store\/wp-json\/wp\/v2\/product\/8822"}],"collection":[{"href":"https:\/\/bojtiekszer.hu\/online-store\/wp-json\/wp\/v2\/product"}],"about":[{"href":"https:\/\/bojtiekszer.hu\/online-store\/wp-json\/wp\/v2\/types\/product"}],"replies":[{"embeddable":true,"href":"https:\/\/bojtiekszer.hu\/online-store\/wp-json\/wp\/v2\/comments?post=8822"}],"wp:featuredmedia":[{"embeddable":true,"href":"https:\/\/bojtiekszer.hu\/online-store\/wp-json\/wp\/v2\/media\/7680"}],"wp:attachment":[{"href":"https:\/\/bojtiekszer.hu\/online-store\/wp-json\/wp\/v2\/media?parent=8822"}],"wp:term":[{"taxonomy":"product_brand","embeddable":true,"href":"https:\/\/bojtiekszer.hu\/online-store\/wp-json\/wp\/v2\/product_brand?post=8822"},{"taxonomy":"product_cat","embeddable":true,"href":"https:\/\/bojtiekszer.hu\/online-store\/wp-json\/wp\/v2\/product_cat?post=8822"},{"taxonomy":"product_tag","embeddable":true,"href":"https:\/\/bojtiekszer.hu\/online-store\/wp-json\/wp\/v2\/product_tag?post=8822"}],"curies":[{"name":"wp","href":"https:\/\/api.w.org\/{rel}","templated":true}]}}