{"id":7945,"date":"2022-08-30T19:46:17","date_gmt":"2022-08-30T17:46:17","guid":{"rendered":"https:\/\/bojtiekszer.hu\/online-store\/?post_type=product&#038;p=7945"},"modified":"2024-11-14T01:23:46","modified_gmt":"2024-11-13T23:23:46","slug":"peppermint-1300-10232","status":"publish","type":"product","link":"https:\/\/bojtiekszer.hu\/online-store\/termek\/peppermint-1300-10232\/","title":{"rendered":"PEPPERMINT \u2219 Pt950 \u2219 Aquamarin"},"content":{"rendered":"","protected":false},"excerpt":{"rendered":"<p class=\"p1\">[full_width]<\/p>\n<p class=\"p1\"><b>Anyag:<\/b> Platina 950<br \/>\n<b>Front k\u0151:<\/b> Aquamarin<br \/>\n<b>Front k\u0151 s\u00faly:<\/b> 0.41 ct<br \/>\n<b>Sz\u00edn: <\/b>Tengerk\u00e9k<br \/>\n<b>Oldal k\u0151:<\/b> Gy\u00e9m\u00e1nt<br \/>\n<b>Oldal k\u0151 s\u00faly:<\/b> 0.16 ct<br \/>\n<b>Sz\u00edn \/ tisztas\u00e1g:<\/b> G \/ VS<br \/>\n<b>Gy\u0171r\u0171 m\u00e9ret:<\/b> 53<br \/>\n<strong>Certifik\u00e1t:<\/strong> Saj\u00e1t \/ Bojti \u00c9kszermanufakt\u00fara<br \/>\n<strong>Nr:<\/strong> 001300<\/p>\n","protected":false},"featured_media":6944,"comment_status":"closed","ping_status":"closed","template":"","meta":[],"product_brand":[],"product_cat":[43],"product_tag":[],"class_list":{"0":"post-7945","1":"product","2":"type-product","3":"status-publish","4":"has-post-thumbnail","6":"product_cat-eljegyzesi-gyuru","7":"pa_anyag-platina-950","8":"pa_ko-fajtaja-aquamarin","9":"pa_ko-merete-0-41-ct","10":"pa_minoseg-premium","12":"first","13":"outofstock","14":"sold-individually","15":"purchasable","16":"product-type-simple","17":"add-to-wishlist-before_image"},"yoast_head":"<title>PEPPERMINT \u2219 Pt950 \u2219 Aquamarin - BOJTI \u00c9kszermanufakt\u00fara<\/title>\n<meta name=\"robots\" content=\"index, follow, max-snippet:-1, max-image-preview:large, max-video-preview:-1\" \/>\n<link rel=\"canonical\" href=\"https:\/\/bojtiekszer.hu\/online-store\/termek\/peppermint-1300-10232\/\" \/>\n<meta property=\"og:locale\" content=\"hu_HU\" \/>\n<meta property=\"og:type\" content=\"article\" \/>\n<meta property=\"og:title\" content=\"PEPPERMINT \u2219 Pt950 \u2219 Aquamarin - BOJTI \u00c9kszermanufakt\u00fara\" \/>\n<meta property=\"og:description\" content=\"Anyag: Platina 950 Front k\u0151: Aquamarin Front k\u0151 s\u00faly: 0.41 ct Sz\u00edn: Tengerk\u00e9k Oldal k\u0151: Gy\u00e9m\u00e1nt Oldal k\u0151 s\u00faly: 0.16 ct Sz\u00edn \/ tisztas\u00e1g: G \/ VS Gy\u0171r\u0171 m\u00e9ret: 53 Certifik\u00e1t: Saj\u00e1t \/ Bojti \u00c9kszermanufakt\u00fara Nr: 001300\" \/>\n<meta property=\"og:url\" content=\"https:\/\/bojtiekszer.hu\/online-store\/termek\/peppermint-1300-10232\/\" \/>\n<meta property=\"og:site_name\" content=\"BOJTI \u00c9kszermanufakt\u00fara\" \/>\n<meta property=\"article:modified_time\" content=\"2024-11-13T23:23:46+00:00\" \/>\n<meta property=\"og:image\" content=\"https:\/\/bojtiekszer.hu\/online-store\/wp-content\/uploads\/2021\/10\/1300-8-PT-950-AQUA.jpg\" \/>\n\t<meta property=\"og:image:width\" content=\"1000\" \/>\n\t<meta property=\"og:image:height\" content=\"1000\" \/>\n\t<meta property=\"og:image:type\" content=\"image\/jpeg\" \/>\n<meta name=\"twitter:card\" content=\"summary_large_image\" \/>\n<script type=\"application\/ld+json\" class=\"yoast-schema-graph\">{\"@context\":\"https:\/\/schema.org\",\"@graph\":[{\"@type\":\"WebPage\",\"@id\":\"https:\/\/bojtiekszer.hu\/online-store\/termek\/peppermint-1300-10232\/\",\"url\":\"https:\/\/bojtiekszer.hu\/online-store\/termek\/peppermint-1300-10232\/\",\"name\":\"PEPPERMINT \u2219 Pt950 \u2219 Aquamarin - BOJTI \u00c9kszermanufakt\u00fara\",\"isPartOf\":{\"@id\":\"https:\/\/bojtiekszer.hu\/online-store\/#website\"},\"primaryImageOfPage\":{\"@id\":\"https:\/\/bojtiekszer.hu\/online-store\/termek\/peppermint-1300-10232\/#primaryimage\"},\"image\":{\"@id\":\"https:\/\/bojtiekszer.hu\/online-store\/termek\/peppermint-1300-10232\/#primaryimage\"},\"thumbnailUrl\":\"https:\/\/bojtiekszer.hu\/online-store\/wp-content\/uploads\/2021\/10\/1300-8-PT-950-AQUA.jpg\",\"datePublished\":\"2022-08-30T17:46:17+00:00\",\"dateModified\":\"2024-11-13T23:23:46+00:00\",\"breadcrumb\":{\"@id\":\"https:\/\/bojtiekszer.hu\/online-store\/termek\/peppermint-1300-10232\/#breadcrumb\"},\"inLanguage\":\"hu\",\"potentialAction\":[{\"@type\":\"ReadAction\",\"target\":[\"https:\/\/bojtiekszer.hu\/online-store\/termek\/peppermint-1300-10232\/\"]}]},{\"@type\":\"ImageObject\",\"inLanguage\":\"hu\",\"@id\":\"https:\/\/bojtiekszer.hu\/online-store\/termek\/peppermint-1300-10232\/#primaryimage\",\"url\":\"https:\/\/bojtiekszer.hu\/online-store\/wp-content\/uploads\/2021\/10\/1300-8-PT-950-AQUA.jpg\",\"contentUrl\":\"https:\/\/bojtiekszer.hu\/online-store\/wp-content\/uploads\/2021\/10\/1300-8-PT-950-AQUA.jpg\",\"width\":1000,\"height\":1000},{\"@type\":\"BreadcrumbList\",\"@id\":\"https:\/\/bojtiekszer.hu\/online-store\/termek\/peppermint-1300-10232\/#breadcrumb\",\"itemListElement\":[{\"@type\":\"ListItem\",\"position\":1,\"name\":\"Kezd\u0151lap\",\"item\":\"https:\/\/bojtiekszer.hu\/online-store\/\"},{\"@type\":\"ListItem\",\"position\":2,\"name\":\"\u00dczlet\",\"item\":\"https:\/\/bojtiekszer.hu\/online-store\/uzlet\/\"},{\"@type\":\"ListItem\",\"position\":3,\"name\":\"PEPPERMINT \u2219 Pt950 \u2219 Aquamarin\"}]},{\"@type\":\"WebSite\",\"@id\":\"https:\/\/bojtiekszer.hu\/online-store\/#website\",\"url\":\"https:\/\/bojtiekszer.hu\/online-store\/\",\"name\":\"BOJTI \u00c9kszermanufakt\u00fara\",\"description\":\"\",\"potentialAction\":[{\"@type\":\"SearchAction\",\"target\":{\"@type\":\"EntryPoint\",\"urlTemplate\":\"https:\/\/bojtiekszer.hu\/online-store\/?s={search_term_string}\"},\"query-input\":{\"@type\":\"PropertyValueSpecification\",\"valueRequired\":true,\"valueName\":\"search_term_string\"}}],\"inLanguage\":\"hu\"}]}<\/script>","yoast_head_json":{"title":"PEPPERMINT \u2219 Pt950 \u2219 Aquamarin - BOJTI \u00c9kszermanufakt\u00fara","robots":{"index":"index","follow":"follow","max-snippet":"max-snippet:-1","max-image-preview":"max-image-preview:large","max-video-preview":"max-video-preview:-1"},"canonical":"https:\/\/bojtiekszer.hu\/online-store\/termek\/peppermint-1300-10232\/","og_locale":"hu_HU","og_type":"article","og_title":"PEPPERMINT \u2219 Pt950 \u2219 Aquamarin - BOJTI \u00c9kszermanufakt\u00fara","og_description":"Anyag: Platina 950 Front k\u0151: Aquamarin Front k\u0151 s\u00faly: 0.41 ct Sz\u00edn: Tengerk\u00e9k Oldal k\u0151: Gy\u00e9m\u00e1nt Oldal k\u0151 s\u00faly: 0.16 ct Sz\u00edn \/ tisztas\u00e1g: G \/ VS Gy\u0171r\u0171 m\u00e9ret: 53 Certifik\u00e1t: Saj\u00e1t \/ Bojti \u00c9kszermanufakt\u00fara Nr: 001300","og_url":"https:\/\/bojtiekszer.hu\/online-store\/termek\/peppermint-1300-10232\/","og_site_name":"BOJTI \u00c9kszermanufakt\u00fara","article_modified_time":"2024-11-13T23:23:46+00:00","og_image":[{"width":1000,"height":1000,"url":"https:\/\/bojtiekszer.hu\/online-store\/wp-content\/uploads\/2021\/10\/1300-8-PT-950-AQUA.jpg","type":"image\/jpeg"}],"twitter_card":"summary_large_image","schema":{"@context":"https:\/\/schema.org","@graph":[{"@type":"WebPage","@id":"https:\/\/bojtiekszer.hu\/online-store\/termek\/peppermint-1300-10232\/","url":"https:\/\/bojtiekszer.hu\/online-store\/termek\/peppermint-1300-10232\/","name":"PEPPERMINT \u2219 Pt950 \u2219 Aquamarin - BOJTI \u00c9kszermanufakt\u00fara","isPartOf":{"@id":"https:\/\/bojtiekszer.hu\/online-store\/#website"},"primaryImageOfPage":{"@id":"https:\/\/bojtiekszer.hu\/online-store\/termek\/peppermint-1300-10232\/#primaryimage"},"image":{"@id":"https:\/\/bojtiekszer.hu\/online-store\/termek\/peppermint-1300-10232\/#primaryimage"},"thumbnailUrl":"https:\/\/bojtiekszer.hu\/online-store\/wp-content\/uploads\/2021\/10\/1300-8-PT-950-AQUA.jpg","datePublished":"2022-08-30T17:46:17+00:00","dateModified":"2024-11-13T23:23:46+00:00","breadcrumb":{"@id":"https:\/\/bojtiekszer.hu\/online-store\/termek\/peppermint-1300-10232\/#breadcrumb"},"inLanguage":"hu","potentialAction":[{"@type":"ReadAction","target":["https:\/\/bojtiekszer.hu\/online-store\/termek\/peppermint-1300-10232\/"]}]},{"@type":"ImageObject","inLanguage":"hu","@id":"https:\/\/bojtiekszer.hu\/online-store\/termek\/peppermint-1300-10232\/#primaryimage","url":"https:\/\/bojtiekszer.hu\/online-store\/wp-content\/uploads\/2021\/10\/1300-8-PT-950-AQUA.jpg","contentUrl":"https:\/\/bojtiekszer.hu\/online-store\/wp-content\/uploads\/2021\/10\/1300-8-PT-950-AQUA.jpg","width":1000,"height":1000},{"@type":"BreadcrumbList","@id":"https:\/\/bojtiekszer.hu\/online-store\/termek\/peppermint-1300-10232\/#breadcrumb","itemListElement":[{"@type":"ListItem","position":1,"name":"Kezd\u0151lap","item":"https:\/\/bojtiekszer.hu\/online-store\/"},{"@type":"ListItem","position":2,"name":"\u00dczlet","item":"https:\/\/bojtiekszer.hu\/online-store\/uzlet\/"},{"@type":"ListItem","position":3,"name":"PEPPERMINT \u2219 Pt950 \u2219 Aquamarin"}]},{"@type":"WebSite","@id":"https:\/\/bojtiekszer.hu\/online-store\/#website","url":"https:\/\/bojtiekszer.hu\/online-store\/","name":"BOJTI \u00c9kszermanufakt\u00fara","description":"","potentialAction":[{"@type":"SearchAction","target":{"@type":"EntryPoint","urlTemplate":"https:\/\/bojtiekszer.hu\/online-store\/?s={search_term_string}"},"query-input":{"@type":"PropertyValueSpecification","valueRequired":true,"valueName":"search_term_string"}}],"inLanguage":"hu"}]}},"pll_sync_post":[],"lang":"hu","translations":{"hu":7945,"en":10389},"_links":{"self":[{"href":"https:\/\/bojtiekszer.hu\/online-store\/wp-json\/wp\/v2\/product\/7945"}],"collection":[{"href":"https:\/\/bojtiekszer.hu\/online-store\/wp-json\/wp\/v2\/product"}],"about":[{"href":"https:\/\/bojtiekszer.hu\/online-store\/wp-json\/wp\/v2\/types\/product"}],"replies":[{"embeddable":true,"href":"https:\/\/bojtiekszer.hu\/online-store\/wp-json\/wp\/v2\/comments?post=7945"}],"wp:featuredmedia":[{"embeddable":true,"href":"https:\/\/bojtiekszer.hu\/online-store\/wp-json\/wp\/v2\/media\/6944"}],"wp:attachment":[{"href":"https:\/\/bojtiekszer.hu\/online-store\/wp-json\/wp\/v2\/media?parent=7945"}],"wp:term":[{"taxonomy":"product_brand","embeddable":true,"href":"https:\/\/bojtiekszer.hu\/online-store\/wp-json\/wp\/v2\/product_brand?post=7945"},{"taxonomy":"product_cat","embeddable":true,"href":"https:\/\/bojtiekszer.hu\/online-store\/wp-json\/wp\/v2\/product_cat?post=7945"},{"taxonomy":"product_tag","embeddable":true,"href":"https:\/\/bojtiekszer.hu\/online-store\/wp-json\/wp\/v2\/product_tag?post=7945"}],"curies":[{"name":"wp","href":"https:\/\/api.w.org\/{rel}","templated":true}]}}