{"id":7726,"date":"2022-07-22T12:03:10","date_gmt":"2022-07-22T10:03:10","guid":{"rendered":"https:\/\/bojtiekszer.hu\/online-store\/?post_type=product&#038;p=7726"},"modified":"2026-03-23T21:30:57","modified_gmt":"2026-03-23T19:30:57","slug":"poppy-small-1315-10599","status":"publish","type":"product","link":"https:\/\/bojtiekszer.hu\/online-store\/termek\/poppy-small-1315-10599\/","title":{"rendered":"POPPY-SMALL \u2219 18kt \u2219 Pink Zafir"},"content":{"rendered":"","protected":false},"excerpt":{"rendered":"<p class=\"p1\">[full_width]<\/p>\n<p class=\"p1\"><b>Anyag:<\/b> 18 kt Feh\u00e9r arany<br \/>\n<b>Front k\u0151:<\/b> Zafir<br \/>\n<b>Front k\u0151 s\u00faly:<\/b> 0.13 ct<br \/>\n<b>Sz\u00edn:\u00a0<\/b>Pink Zafir<br \/>\n<b>Certifik\u00e1t:<\/b> Saj\u00e1t \/ Bojti \u00c9kszermanufakt\u00fara<br \/>\n<strong>Med\u00e1l \u00e1tm\u00e9r\u0151:<\/strong> ~ 10.5 mm<br \/>\n<b>L\u00e1nc hossz:<\/b> 43 cm<br \/>\n<strong>Nr:<\/strong> 001315<\/p>\n","protected":false},"featured_media":8694,"comment_status":"closed","ping_status":"closed","template":"","meta":[],"product_brand":[],"product_cat":[45],"product_tag":[],"class_list":{"0":"post-7726","1":"product","2":"type-product","3":"status-publish","4":"has-post-thumbnail","6":"product_cat-lanc","7":"pa_anyag-feher-arany-18-k","8":"pa_ko-fajtaja-pink-zafir","9":"pa_ko-merete-0-13-ct","10":"pa_minoseg-premium","12":"first","13":"instock","14":"sold-individually","15":"purchasable","16":"product-type-simple","17":"add-to-wishlist-before_image"},"yoast_head":"<title>POPPY-SMALL \u2219 18kt \u2219 Pink Zafir - BOJTI \u00c9kszermanufakt\u00fara<\/title>\n<meta name=\"robots\" content=\"index, follow, max-snippet:-1, max-image-preview:large, max-video-preview:-1\" \/>\n<link rel=\"canonical\" href=\"https:\/\/bojtiekszer.hu\/online-store\/termek\/poppy-small-1315-10599\/\" \/>\n<meta property=\"og:locale\" content=\"hu_HU\" \/>\n<meta property=\"og:type\" content=\"article\" \/>\n<meta property=\"og:title\" content=\"POPPY-SMALL \u2219 18kt \u2219 Pink Zafir - BOJTI \u00c9kszermanufakt\u00fara\" \/>\n<meta property=\"og:description\" content=\"Anyag: 18 kt Feh\u00e9r arany Front k\u0151: Zafir Front k\u0151 s\u00faly: 0.13 ct Sz\u00edn:\u00a0Pink Zafir Certifik\u00e1t: Saj\u00e1t \/ Bojti \u00c9kszermanufakt\u00fara Med\u00e1l \u00e1tm\u00e9r\u0151: ~ 10.5 mm L\u00e1nc hossz: 43 cm Nr: 001315\" \/>\n<meta property=\"og:url\" content=\"https:\/\/bojtiekszer.hu\/online-store\/termek\/poppy-small-1315-10599\/\" \/>\n<meta property=\"og:site_name\" content=\"BOJTI \u00c9kszermanufakt\u00fara\" \/>\n<meta property=\"article:modified_time\" content=\"2026-03-23T19:30:57+00:00\" \/>\n<meta property=\"og:image\" content=\"https:\/\/bojtiekszer.hu\/online-store\/wp-content\/uploads\/2022\/07\/1315-f-pink.jpg\" \/>\n\t<meta property=\"og:image:width\" content=\"2000\" \/>\n\t<meta property=\"og:image:height\" content=\"2000\" \/>\n\t<meta property=\"og:image:type\" content=\"image\/jpeg\" \/>\n<meta name=\"twitter:card\" content=\"summary_large_image\" \/>\n<script type=\"application\/ld+json\" class=\"yoast-schema-graph\">{\"@context\":\"https:\/\/schema.org\",\"@graph\":[{\"@type\":\"WebPage\",\"@id\":\"https:\/\/bojtiekszer.hu\/online-store\/termek\/poppy-small-1315-10599\/\",\"url\":\"https:\/\/bojtiekszer.hu\/online-store\/termek\/poppy-small-1315-10599\/\",\"name\":\"POPPY-SMALL \u2219 18kt \u2219 Pink Zafir - BOJTI \u00c9kszermanufakt\u00fara\",\"isPartOf\":{\"@id\":\"https:\/\/bojtiekszer.hu\/online-store\/#website\"},\"primaryImageOfPage\":{\"@id\":\"https:\/\/bojtiekszer.hu\/online-store\/termek\/poppy-small-1315-10599\/#primaryimage\"},\"image\":{\"@id\":\"https:\/\/bojtiekszer.hu\/online-store\/termek\/poppy-small-1315-10599\/#primaryimage\"},\"thumbnailUrl\":\"https:\/\/bojtiekszer.hu\/online-store\/wp-content\/uploads\/2022\/07\/1315-f-pink.jpg\",\"datePublished\":\"2022-07-22T10:03:10+00:00\",\"dateModified\":\"2026-03-23T19:30:57+00:00\",\"breadcrumb\":{\"@id\":\"https:\/\/bojtiekszer.hu\/online-store\/termek\/poppy-small-1315-10599\/#breadcrumb\"},\"inLanguage\":\"hu\",\"potentialAction\":[{\"@type\":\"ReadAction\",\"target\":[\"https:\/\/bojtiekszer.hu\/online-store\/termek\/poppy-small-1315-10599\/\"]}]},{\"@type\":\"ImageObject\",\"inLanguage\":\"hu\",\"@id\":\"https:\/\/bojtiekszer.hu\/online-store\/termek\/poppy-small-1315-10599\/#primaryimage\",\"url\":\"https:\/\/bojtiekszer.hu\/online-store\/wp-content\/uploads\/2022\/07\/1315-f-pink.jpg\",\"contentUrl\":\"https:\/\/bojtiekszer.hu\/online-store\/wp-content\/uploads\/2022\/07\/1315-f-pink.jpg\",\"width\":2000,\"height\":2000},{\"@type\":\"BreadcrumbList\",\"@id\":\"https:\/\/bojtiekszer.hu\/online-store\/termek\/poppy-small-1315-10599\/#breadcrumb\",\"itemListElement\":[{\"@type\":\"ListItem\",\"position\":1,\"name\":\"Kezd\u0151lap\",\"item\":\"https:\/\/bojtiekszer.hu\/online-store\/\"},{\"@type\":\"ListItem\",\"position\":2,\"name\":\"\u00dczlet\",\"item\":\"https:\/\/bojtiekszer.hu\/online-store\/uzlet\/\"},{\"@type\":\"ListItem\",\"position\":3,\"name\":\"POPPY-SMALL \u2219 18kt \u2219 Pink Zafir\"}]},{\"@type\":\"WebSite\",\"@id\":\"https:\/\/bojtiekszer.hu\/online-store\/#website\",\"url\":\"https:\/\/bojtiekszer.hu\/online-store\/\",\"name\":\"BOJTI \u00c9kszermanufakt\u00fara\",\"description\":\"\",\"potentialAction\":[{\"@type\":\"SearchAction\",\"target\":{\"@type\":\"EntryPoint\",\"urlTemplate\":\"https:\/\/bojtiekszer.hu\/online-store\/?s={search_term_string}\"},\"query-input\":{\"@type\":\"PropertyValueSpecification\",\"valueRequired\":true,\"valueName\":\"search_term_string\"}}],\"inLanguage\":\"hu\"}]}<\/script>","yoast_head_json":{"title":"POPPY-SMALL \u2219 18kt \u2219 Pink Zafir - BOJTI \u00c9kszermanufakt\u00fara","robots":{"index":"index","follow":"follow","max-snippet":"max-snippet:-1","max-image-preview":"max-image-preview:large","max-video-preview":"max-video-preview:-1"},"canonical":"https:\/\/bojtiekszer.hu\/online-store\/termek\/poppy-small-1315-10599\/","og_locale":"hu_HU","og_type":"article","og_title":"POPPY-SMALL \u2219 18kt \u2219 Pink Zafir - BOJTI \u00c9kszermanufakt\u00fara","og_description":"Anyag: 18 kt Feh\u00e9r arany Front k\u0151: Zafir Front k\u0151 s\u00faly: 0.13 ct Sz\u00edn:\u00a0Pink Zafir Certifik\u00e1t: Saj\u00e1t \/ Bojti \u00c9kszermanufakt\u00fara Med\u00e1l \u00e1tm\u00e9r\u0151: ~ 10.5 mm L\u00e1nc hossz: 43 cm Nr: 001315","og_url":"https:\/\/bojtiekszer.hu\/online-store\/termek\/poppy-small-1315-10599\/","og_site_name":"BOJTI \u00c9kszermanufakt\u00fara","article_modified_time":"2026-03-23T19:30:57+00:00","og_image":[{"width":2000,"height":2000,"url":"https:\/\/bojtiekszer.hu\/online-store\/wp-content\/uploads\/2022\/07\/1315-f-pink.jpg","type":"image\/jpeg"}],"twitter_card":"summary_large_image","schema":{"@context":"https:\/\/schema.org","@graph":[{"@type":"WebPage","@id":"https:\/\/bojtiekszer.hu\/online-store\/termek\/poppy-small-1315-10599\/","url":"https:\/\/bojtiekszer.hu\/online-store\/termek\/poppy-small-1315-10599\/","name":"POPPY-SMALL \u2219 18kt \u2219 Pink Zafir - BOJTI \u00c9kszermanufakt\u00fara","isPartOf":{"@id":"https:\/\/bojtiekszer.hu\/online-store\/#website"},"primaryImageOfPage":{"@id":"https:\/\/bojtiekszer.hu\/online-store\/termek\/poppy-small-1315-10599\/#primaryimage"},"image":{"@id":"https:\/\/bojtiekszer.hu\/online-store\/termek\/poppy-small-1315-10599\/#primaryimage"},"thumbnailUrl":"https:\/\/bojtiekszer.hu\/online-store\/wp-content\/uploads\/2022\/07\/1315-f-pink.jpg","datePublished":"2022-07-22T10:03:10+00:00","dateModified":"2026-03-23T19:30:57+00:00","breadcrumb":{"@id":"https:\/\/bojtiekszer.hu\/online-store\/termek\/poppy-small-1315-10599\/#breadcrumb"},"inLanguage":"hu","potentialAction":[{"@type":"ReadAction","target":["https:\/\/bojtiekszer.hu\/online-store\/termek\/poppy-small-1315-10599\/"]}]},{"@type":"ImageObject","inLanguage":"hu","@id":"https:\/\/bojtiekszer.hu\/online-store\/termek\/poppy-small-1315-10599\/#primaryimage","url":"https:\/\/bojtiekszer.hu\/online-store\/wp-content\/uploads\/2022\/07\/1315-f-pink.jpg","contentUrl":"https:\/\/bojtiekszer.hu\/online-store\/wp-content\/uploads\/2022\/07\/1315-f-pink.jpg","width":2000,"height":2000},{"@type":"BreadcrumbList","@id":"https:\/\/bojtiekszer.hu\/online-store\/termek\/poppy-small-1315-10599\/#breadcrumb","itemListElement":[{"@type":"ListItem","position":1,"name":"Kezd\u0151lap","item":"https:\/\/bojtiekszer.hu\/online-store\/"},{"@type":"ListItem","position":2,"name":"\u00dczlet","item":"https:\/\/bojtiekszer.hu\/online-store\/uzlet\/"},{"@type":"ListItem","position":3,"name":"POPPY-SMALL \u2219 18kt \u2219 Pink Zafir"}]},{"@type":"WebSite","@id":"https:\/\/bojtiekszer.hu\/online-store\/#website","url":"https:\/\/bojtiekszer.hu\/online-store\/","name":"BOJTI \u00c9kszermanufakt\u00fara","description":"","potentialAction":[{"@type":"SearchAction","target":{"@type":"EntryPoint","urlTemplate":"https:\/\/bojtiekszer.hu\/online-store\/?s={search_term_string}"},"query-input":{"@type":"PropertyValueSpecification","valueRequired":true,"valueName":"search_term_string"}}],"inLanguage":"hu"}]}},"pll_sync_post":[],"lang":"hu","translations":{"hu":7726,"en":10401},"_links":{"self":[{"href":"https:\/\/bojtiekszer.hu\/online-store\/wp-json\/wp\/v2\/product\/7726"}],"collection":[{"href":"https:\/\/bojtiekszer.hu\/online-store\/wp-json\/wp\/v2\/product"}],"about":[{"href":"https:\/\/bojtiekszer.hu\/online-store\/wp-json\/wp\/v2\/types\/product"}],"replies":[{"embeddable":true,"href":"https:\/\/bojtiekszer.hu\/online-store\/wp-json\/wp\/v2\/comments?post=7726"}],"wp:featuredmedia":[{"embeddable":true,"href":"https:\/\/bojtiekszer.hu\/online-store\/wp-json\/wp\/v2\/media\/8694"}],"wp:attachment":[{"href":"https:\/\/bojtiekszer.hu\/online-store\/wp-json\/wp\/v2\/media?parent=7726"}],"wp:term":[{"taxonomy":"product_brand","embeddable":true,"href":"https:\/\/bojtiekszer.hu\/online-store\/wp-json\/wp\/v2\/product_brand?post=7726"},{"taxonomy":"product_cat","embeddable":true,"href":"https:\/\/bojtiekszer.hu\/online-store\/wp-json\/wp\/v2\/product_cat?post=7726"},{"taxonomy":"product_tag","embeddable":true,"href":"https:\/\/bojtiekszer.hu\/online-store\/wp-json\/wp\/v2\/product_tag?post=7726"}],"curies":[{"name":"wp","href":"https:\/\/api.w.org\/{rel}","templated":true}]}}