{"id":7151,"date":"2022-03-11T12:41:28","date_gmt":"2022-03-11T10:41:28","guid":{"rendered":"https:\/\/bojtiekszer.hu\/online-store\/?post_type=product&#038;p=7151"},"modified":"2024-11-14T01:24:43","modified_gmt":"2024-11-13T23:24:43","slug":"pineapple-11002","status":"publish","type":"product","link":"https:\/\/bojtiekszer.hu\/online-store\/termek\/pineapple-11002\/","title":{"rendered":"PINEAPPLE \u2219 14kt \u22190.38ct"},"content":{"rendered":"","protected":false},"excerpt":{"rendered":"<p class=\"p1\">[full_width]<\/p>\n<p class=\"p1\"><b>Anyag:<\/b> 14 kt Feh\u00e9r arany<br \/>\n<b>Front k\u0151:<\/b> Gy\u00e9m\u00e1nt<br \/>\n<b>Front k\u0151 s\u00faly:<\/b> 0.25 ct<br \/>\n<b>Sz\u00edn \/ tisztas\u00e1g:<\/b> F \/ VVS2<br \/>\n<strong>Certifik\u00e1t:<\/strong> Nemzetk\u00f6zi \/ GIA<br \/>\n<b>Oldal k\u0151:<\/b> Gy\u00e9m\u00e1nt<br \/>\n<b>Oldal k\u0151 s\u00faly:<\/b> 0.13 ct<br \/>\n<b>Sz\u00edn \/ tisztas\u00e1g:<\/b> G \/ VS<br \/>\n<b>Gy\u0171r\u0171 m\u00e9ret:<\/b> 52<br \/>\n<strong>Nr:<\/strong> 001360<\/p>\n","protected":false},"featured_media":7444,"comment_status":"closed","ping_status":"closed","template":"","meta":[],"product_brand":[],"product_cat":[43],"product_tag":[],"class_list":{"0":"post-7151","1":"product","2":"type-product","3":"status-publish","4":"has-post-thumbnail","6":"product_cat-eljegyzesi-gyuru","7":"pa_anyag-feher-arany-14-k","8":"pa_ko-fajtaja-gyemant","9":"pa_ko-merete-0-38-ct","10":"pa_minoseg-f-vvs2","12":"first","13":"outofstock","14":"sold-individually","15":"purchasable","16":"product-type-simple","17":"add-to-wishlist-before_image"},"yoast_head":"<title>PINEAPPLE \u2219 14kt \u22190.38ct - BOJTI \u00c9kszermanufakt\u00fara<\/title>\n<meta name=\"robots\" content=\"index, follow, max-snippet:-1, max-image-preview:large, max-video-preview:-1\" \/>\n<link rel=\"canonical\" href=\"https:\/\/bojtiekszer.hu\/online-store\/termek\/pineapple-11002\/\" \/>\n<meta property=\"og:locale\" content=\"hu_HU\" \/>\n<meta property=\"og:type\" content=\"article\" \/>\n<meta property=\"og:title\" content=\"PINEAPPLE \u2219 14kt \u22190.38ct - BOJTI \u00c9kszermanufakt\u00fara\" \/>\n<meta property=\"og:description\" content=\"Anyag: 14 kt Feh\u00e9r arany Front k\u0151: Gy\u00e9m\u00e1nt Front k\u0151 s\u00faly: 0.25 ct Sz\u00edn \/ tisztas\u00e1g: F \/ VVS2 Certifik\u00e1t: Nemzetk\u00f6zi \/ GIA Oldal k\u0151: Gy\u00e9m\u00e1nt Oldal k\u0151 s\u00faly: 0.13 ct Sz\u00edn \/ tisztas\u00e1g: G \/ VS Gy\u0171r\u0171 m\u00e9ret: 52 Nr: 001360\" \/>\n<meta property=\"og:url\" content=\"https:\/\/bojtiekszer.hu\/online-store\/termek\/pineapple-11002\/\" \/>\n<meta property=\"og:site_name\" content=\"BOJTI \u00c9kszermanufakt\u00fara\" \/>\n<meta property=\"article:modified_time\" content=\"2024-11-13T23:24:43+00:00\" \/>\n<meta property=\"og:image\" content=\"https:\/\/bojtiekszer.hu\/online-store\/wp-content\/uploads\/2022\/03\/1360-allo.jpg\" \/>\n\t<meta property=\"og:image:width\" content=\"2000\" \/>\n\t<meta property=\"og:image:height\" content=\"2000\" \/>\n\t<meta property=\"og:image:type\" content=\"image\/jpeg\" \/>\n<meta name=\"twitter:card\" content=\"summary_large_image\" \/>\n<meta name=\"twitter:label1\" content=\"Becs\u00fclt olvas\u00e1si id\u0151\" \/>\n\t<meta name=\"twitter:data1\" content=\"1 perc\" \/>\n<script type=\"application\/ld+json\" class=\"yoast-schema-graph\">{\"@context\":\"https:\/\/schema.org\",\"@graph\":[{\"@type\":\"WebPage\",\"@id\":\"https:\/\/bojtiekszer.hu\/online-store\/termek\/pineapple-11002\/\",\"url\":\"https:\/\/bojtiekszer.hu\/online-store\/termek\/pineapple-11002\/\",\"name\":\"PINEAPPLE \u2219 14kt \u22190.38ct - BOJTI \u00c9kszermanufakt\u00fara\",\"isPartOf\":{\"@id\":\"https:\/\/bojtiekszer.hu\/online-store\/#website\"},\"primaryImageOfPage\":{\"@id\":\"https:\/\/bojtiekszer.hu\/online-store\/termek\/pineapple-11002\/#primaryimage\"},\"image\":{\"@id\":\"https:\/\/bojtiekszer.hu\/online-store\/termek\/pineapple-11002\/#primaryimage\"},\"thumbnailUrl\":\"https:\/\/bojtiekszer.hu\/online-store\/wp-content\/uploads\/2022\/03\/1360-allo.jpg\",\"datePublished\":\"2022-03-11T10:41:28+00:00\",\"dateModified\":\"2024-11-13T23:24:43+00:00\",\"breadcrumb\":{\"@id\":\"https:\/\/bojtiekszer.hu\/online-store\/termek\/pineapple-11002\/#breadcrumb\"},\"inLanguage\":\"hu\",\"potentialAction\":[{\"@type\":\"ReadAction\",\"target\":[\"https:\/\/bojtiekszer.hu\/online-store\/termek\/pineapple-11002\/\"]}]},{\"@type\":\"ImageObject\",\"inLanguage\":\"hu\",\"@id\":\"https:\/\/bojtiekszer.hu\/online-store\/termek\/pineapple-11002\/#primaryimage\",\"url\":\"https:\/\/bojtiekszer.hu\/online-store\/wp-content\/uploads\/2022\/03\/1360-allo.jpg\",\"contentUrl\":\"https:\/\/bojtiekszer.hu\/online-store\/wp-content\/uploads\/2022\/03\/1360-allo.jpg\",\"width\":2000,\"height\":2000},{\"@type\":\"BreadcrumbList\",\"@id\":\"https:\/\/bojtiekszer.hu\/online-store\/termek\/pineapple-11002\/#breadcrumb\",\"itemListElement\":[{\"@type\":\"ListItem\",\"position\":1,\"name\":\"Kezd\u0151lap\",\"item\":\"https:\/\/bojtiekszer.hu\/online-store\/\"},{\"@type\":\"ListItem\",\"position\":2,\"name\":\"\u00dczlet\",\"item\":\"https:\/\/bojtiekszer.hu\/online-store\/uzlet\/\"},{\"@type\":\"ListItem\",\"position\":3,\"name\":\"PINEAPPLE \u2219 14kt \u22190.38ct\"}]},{\"@type\":\"WebSite\",\"@id\":\"https:\/\/bojtiekszer.hu\/online-store\/#website\",\"url\":\"https:\/\/bojtiekszer.hu\/online-store\/\",\"name\":\"BOJTI \u00c9kszermanufakt\u00fara\",\"description\":\"\",\"potentialAction\":[{\"@type\":\"SearchAction\",\"target\":{\"@type\":\"EntryPoint\",\"urlTemplate\":\"https:\/\/bojtiekszer.hu\/online-store\/?s={search_term_string}\"},\"query-input\":{\"@type\":\"PropertyValueSpecification\",\"valueRequired\":true,\"valueName\":\"search_term_string\"}}],\"inLanguage\":\"hu\"}]}<\/script>","yoast_head_json":{"title":"PINEAPPLE \u2219 14kt \u22190.38ct - BOJTI \u00c9kszermanufakt\u00fara","robots":{"index":"index","follow":"follow","max-snippet":"max-snippet:-1","max-image-preview":"max-image-preview:large","max-video-preview":"max-video-preview:-1"},"canonical":"https:\/\/bojtiekszer.hu\/online-store\/termek\/pineapple-11002\/","og_locale":"hu_HU","og_type":"article","og_title":"PINEAPPLE \u2219 14kt \u22190.38ct - BOJTI \u00c9kszermanufakt\u00fara","og_description":"Anyag: 14 kt Feh\u00e9r arany Front k\u0151: Gy\u00e9m\u00e1nt Front k\u0151 s\u00faly: 0.25 ct Sz\u00edn \/ tisztas\u00e1g: F \/ VVS2 Certifik\u00e1t: Nemzetk\u00f6zi \/ GIA Oldal k\u0151: Gy\u00e9m\u00e1nt Oldal k\u0151 s\u00faly: 0.13 ct Sz\u00edn \/ tisztas\u00e1g: G \/ VS Gy\u0171r\u0171 m\u00e9ret: 52 Nr: 001360","og_url":"https:\/\/bojtiekszer.hu\/online-store\/termek\/pineapple-11002\/","og_site_name":"BOJTI \u00c9kszermanufakt\u00fara","article_modified_time":"2024-11-13T23:24:43+00:00","og_image":[{"width":2000,"height":2000,"url":"https:\/\/bojtiekszer.hu\/online-store\/wp-content\/uploads\/2022\/03\/1360-allo.jpg","type":"image\/jpeg"}],"twitter_card":"summary_large_image","twitter_misc":{"Becs\u00fclt olvas\u00e1si id\u0151":"1 perc"},"schema":{"@context":"https:\/\/schema.org","@graph":[{"@type":"WebPage","@id":"https:\/\/bojtiekszer.hu\/online-store\/termek\/pineapple-11002\/","url":"https:\/\/bojtiekszer.hu\/online-store\/termek\/pineapple-11002\/","name":"PINEAPPLE \u2219 14kt \u22190.38ct - BOJTI \u00c9kszermanufakt\u00fara","isPartOf":{"@id":"https:\/\/bojtiekszer.hu\/online-store\/#website"},"primaryImageOfPage":{"@id":"https:\/\/bojtiekszer.hu\/online-store\/termek\/pineapple-11002\/#primaryimage"},"image":{"@id":"https:\/\/bojtiekszer.hu\/online-store\/termek\/pineapple-11002\/#primaryimage"},"thumbnailUrl":"https:\/\/bojtiekszer.hu\/online-store\/wp-content\/uploads\/2022\/03\/1360-allo.jpg","datePublished":"2022-03-11T10:41:28+00:00","dateModified":"2024-11-13T23:24:43+00:00","breadcrumb":{"@id":"https:\/\/bojtiekszer.hu\/online-store\/termek\/pineapple-11002\/#breadcrumb"},"inLanguage":"hu","potentialAction":[{"@type":"ReadAction","target":["https:\/\/bojtiekszer.hu\/online-store\/termek\/pineapple-11002\/"]}]},{"@type":"ImageObject","inLanguage":"hu","@id":"https:\/\/bojtiekszer.hu\/online-store\/termek\/pineapple-11002\/#primaryimage","url":"https:\/\/bojtiekszer.hu\/online-store\/wp-content\/uploads\/2022\/03\/1360-allo.jpg","contentUrl":"https:\/\/bojtiekszer.hu\/online-store\/wp-content\/uploads\/2022\/03\/1360-allo.jpg","width":2000,"height":2000},{"@type":"BreadcrumbList","@id":"https:\/\/bojtiekszer.hu\/online-store\/termek\/pineapple-11002\/#breadcrumb","itemListElement":[{"@type":"ListItem","position":1,"name":"Kezd\u0151lap","item":"https:\/\/bojtiekszer.hu\/online-store\/"},{"@type":"ListItem","position":2,"name":"\u00dczlet","item":"https:\/\/bojtiekszer.hu\/online-store\/uzlet\/"},{"@type":"ListItem","position":3,"name":"PINEAPPLE \u2219 14kt \u22190.38ct"}]},{"@type":"WebSite","@id":"https:\/\/bojtiekszer.hu\/online-store\/#website","url":"https:\/\/bojtiekszer.hu\/online-store\/","name":"BOJTI \u00c9kszermanufakt\u00fara","description":"","potentialAction":[{"@type":"SearchAction","target":{"@type":"EntryPoint","urlTemplate":"https:\/\/bojtiekszer.hu\/online-store\/?s={search_term_string}"},"query-input":{"@type":"PropertyValueSpecification","valueRequired":true,"valueName":"search_term_string"}}],"inLanguage":"hu"}]}},"pll_sync_post":[],"lang":"hu","translations":{"hu":7151,"en":10433},"_links":{"self":[{"href":"https:\/\/bojtiekszer.hu\/online-store\/wp-json\/wp\/v2\/product\/7151"}],"collection":[{"href":"https:\/\/bojtiekszer.hu\/online-store\/wp-json\/wp\/v2\/product"}],"about":[{"href":"https:\/\/bojtiekszer.hu\/online-store\/wp-json\/wp\/v2\/types\/product"}],"replies":[{"embeddable":true,"href":"https:\/\/bojtiekszer.hu\/online-store\/wp-json\/wp\/v2\/comments?post=7151"}],"wp:featuredmedia":[{"embeddable":true,"href":"https:\/\/bojtiekszer.hu\/online-store\/wp-json\/wp\/v2\/media\/7444"}],"wp:attachment":[{"href":"https:\/\/bojtiekszer.hu\/online-store\/wp-json\/wp\/v2\/media?parent=7151"}],"wp:term":[{"taxonomy":"product_brand","embeddable":true,"href":"https:\/\/bojtiekszer.hu\/online-store\/wp-json\/wp\/v2\/product_brand?post=7151"},{"taxonomy":"product_cat","embeddable":true,"href":"https:\/\/bojtiekszer.hu\/online-store\/wp-json\/wp\/v2\/product_cat?post=7151"},{"taxonomy":"product_tag","embeddable":true,"href":"https:\/\/bojtiekszer.hu\/online-store\/wp-json\/wp\/v2\/product_tag?post=7151"}],"curies":[{"name":"wp","href":"https:\/\/api.w.org\/{rel}","templated":true}]}}