{"id":10869,"date":"2026-02-16T18:10:59","date_gmt":"2026-02-16T16:10:59","guid":{"rendered":"https:\/\/bojtiekszer.hu\/online-store\/?post_type=product&#038;p=10869"},"modified":"2026-03-23T21:32:03","modified_gmt":"2026-03-23T19:32:03","slug":"rosebay-11201","status":"publish","type":"product","link":"https:\/\/bojtiekszer.hu\/online-store\/termek\/rosebay-11201\/","title":{"rendered":"ROSEBAY \u2219 14kt \u2219 Green Diamond"},"content":{"rendered":"","protected":false},"excerpt":{"rendered":"<p style=\"text-align: left;\">[full_width]<\/p>\n<p style=\"text-align: left;\"><strong>Anyag:<\/strong> 14 kt Feh\u00e9r arany<br \/>\n<strong>Front k\u0151:<\/strong> Gy\u00e9m\u00e1nt \/ Lab Grown<br \/>\n<strong>Front k\u0151 s\u00faly:<\/strong> 1.38 ct<br \/>\n<strong>Sz\u00edn \/ tisztas\u00e1g: <\/strong>Fancy Vivid Green VS1<br \/>\n<strong>Certifik\u00e1t:<\/strong> Nemzetk\u00f6zi \/ IGI<br \/>\n<strong>Oldalk\u0151:<\/strong> Gy\u00e9m\u00e1nt<br \/>\n<strong>Sz\u00edn \/ tisztas\u00e1g:<\/strong> G \/ VS<br \/>\n<strong>Gy\u0171r\u0171 m\u00e9ret:<\/strong> 52<br \/>\n<strong>Nr:<\/strong> 001270<\/p>\n","protected":false},"featured_media":10871,"comment_status":"closed","ping_status":"closed","template":"","meta":[],"product_brand":[],"product_cat":[43],"product_tag":[],"class_list":{"0":"post-10869","1":"product","2":"type-product","3":"status-publish","4":"has-post-thumbnail","6":"product_cat-eljegyzesi-gyuru","7":"pa_anyag-feher-arany-14-k","8":"pa_ko-fajtaja-lab-grown-gyemant","9":"pa_minoseg-fancy-vivid-green","11":"first","12":"instock","13":"sold-individually","14":"purchasable","15":"product-type-simple","16":"add-to-wishlist-before_image"},"yoast_head":"<title>ROSEBAY \u2219 14kt \u2219 Green Diamond - BOJTI \u00c9kszermanufakt\u00fara<\/title>\n<meta name=\"robots\" content=\"index, follow, max-snippet:-1, max-image-preview:large, max-video-preview:-1\" \/>\n<link rel=\"canonical\" href=\"https:\/\/bojtiekszer.hu\/online-store\/termek\/rosebay-11201\/\" \/>\n<meta property=\"og:locale\" content=\"hu_HU\" \/>\n<meta property=\"og:type\" content=\"article\" \/>\n<meta property=\"og:title\" content=\"ROSEBAY \u2219 14kt \u2219 Green Diamond - BOJTI \u00c9kszermanufakt\u00fara\" \/>\n<meta property=\"og:description\" content=\"Anyag: 14 kt Feh\u00e9r arany Front k\u0151: Gy\u00e9m\u00e1nt \/ Lab Grown Front k\u0151 s\u00faly: 1.38 ct Sz\u00edn \/ tisztas\u00e1g: Fancy Vivid Green VS1 Certifik\u00e1t: Nemzetk\u00f6zi \/ IGI Oldalk\u0151: Gy\u00e9m\u00e1nt Sz\u00edn \/ tisztas\u00e1g: G \/ VS Gy\u0171r\u0171 m\u00e9ret: 52 Nr: 001270\" \/>\n<meta property=\"og:url\" content=\"https:\/\/bojtiekszer.hu\/online-store\/termek\/rosebay-11201\/\" \/>\n<meta property=\"og:site_name\" content=\"BOJTI \u00c9kszermanufakt\u00fara\" \/>\n<meta property=\"article:modified_time\" content=\"2026-03-23T19:32:03+00:00\" \/>\n<meta property=\"og:image\" content=\"https:\/\/bojtiekszer.hu\/online-store\/wp-content\/uploads\/2026\/02\/1270-O-green-diamond.jpg\" \/>\n\t<meta property=\"og:image:width\" content=\"2000\" \/>\n\t<meta property=\"og:image:height\" content=\"2000\" \/>\n\t<meta property=\"og:image:type\" content=\"image\/jpeg\" \/>\n<meta name=\"twitter:card\" content=\"summary_large_image\" \/>\n<meta name=\"twitter:label1\" content=\"Becs\u00fclt olvas\u00e1si id\u0151\" \/>\n\t<meta name=\"twitter:data1\" content=\"1 perc\" \/>\n<script type=\"application\/ld+json\" class=\"yoast-schema-graph\">{\"@context\":\"https:\/\/schema.org\",\"@graph\":[{\"@type\":\"WebPage\",\"@id\":\"https:\/\/bojtiekszer.hu\/online-store\/termek\/rosebay-11201\/\",\"url\":\"https:\/\/bojtiekszer.hu\/online-store\/termek\/rosebay-11201\/\",\"name\":\"ROSEBAY \u2219 14kt \u2219 Green Diamond - BOJTI \u00c9kszermanufakt\u00fara\",\"isPartOf\":{\"@id\":\"https:\/\/bojtiekszer.hu\/online-store\/#website\"},\"primaryImageOfPage\":{\"@id\":\"https:\/\/bojtiekszer.hu\/online-store\/termek\/rosebay-11201\/#primaryimage\"},\"image\":{\"@id\":\"https:\/\/bojtiekszer.hu\/online-store\/termek\/rosebay-11201\/#primaryimage\"},\"thumbnailUrl\":\"https:\/\/bojtiekszer.hu\/online-store\/wp-content\/uploads\/2026\/02\/1270-O-green-diamond.jpg\",\"datePublished\":\"2026-02-16T16:10:59+00:00\",\"dateModified\":\"2026-03-23T19:32:03+00:00\",\"breadcrumb\":{\"@id\":\"https:\/\/bojtiekszer.hu\/online-store\/termek\/rosebay-11201\/#breadcrumb\"},\"inLanguage\":\"hu\",\"potentialAction\":[{\"@type\":\"ReadAction\",\"target\":[\"https:\/\/bojtiekszer.hu\/online-store\/termek\/rosebay-11201\/\"]}]},{\"@type\":\"ImageObject\",\"inLanguage\":\"hu\",\"@id\":\"https:\/\/bojtiekszer.hu\/online-store\/termek\/rosebay-11201\/#primaryimage\",\"url\":\"https:\/\/bojtiekszer.hu\/online-store\/wp-content\/uploads\/2026\/02\/1270-O-green-diamond.jpg\",\"contentUrl\":\"https:\/\/bojtiekszer.hu\/online-store\/wp-content\/uploads\/2026\/02\/1270-O-green-diamond.jpg\",\"width\":2000,\"height\":2000},{\"@type\":\"BreadcrumbList\",\"@id\":\"https:\/\/bojtiekszer.hu\/online-store\/termek\/rosebay-11201\/#breadcrumb\",\"itemListElement\":[{\"@type\":\"ListItem\",\"position\":1,\"name\":\"Kezd\u0151lap\",\"item\":\"https:\/\/bojtiekszer.hu\/online-store\/\"},{\"@type\":\"ListItem\",\"position\":2,\"name\":\"\u00dczlet\",\"item\":\"https:\/\/bojtiekszer.hu\/online-store\/uzlet\/\"},{\"@type\":\"ListItem\",\"position\":3,\"name\":\"ROSEBAY \u2219 14kt \u2219 Green Diamond\"}]},{\"@type\":\"WebSite\",\"@id\":\"https:\/\/bojtiekszer.hu\/online-store\/#website\",\"url\":\"https:\/\/bojtiekszer.hu\/online-store\/\",\"name\":\"BOJTI \u00c9kszermanufakt\u00fara\",\"description\":\"\",\"potentialAction\":[{\"@type\":\"SearchAction\",\"target\":{\"@type\":\"EntryPoint\",\"urlTemplate\":\"https:\/\/bojtiekszer.hu\/online-store\/?s={search_term_string}\"},\"query-input\":{\"@type\":\"PropertyValueSpecification\",\"valueRequired\":true,\"valueName\":\"search_term_string\"}}],\"inLanguage\":\"hu\"}]}<\/script>","yoast_head_json":{"title":"ROSEBAY \u2219 14kt \u2219 Green Diamond - BOJTI \u00c9kszermanufakt\u00fara","robots":{"index":"index","follow":"follow","max-snippet":"max-snippet:-1","max-image-preview":"max-image-preview:large","max-video-preview":"max-video-preview:-1"},"canonical":"https:\/\/bojtiekszer.hu\/online-store\/termek\/rosebay-11201\/","og_locale":"hu_HU","og_type":"article","og_title":"ROSEBAY \u2219 14kt \u2219 Green Diamond - BOJTI \u00c9kszermanufakt\u00fara","og_description":"Anyag: 14 kt Feh\u00e9r arany Front k\u0151: Gy\u00e9m\u00e1nt \/ Lab Grown Front k\u0151 s\u00faly: 1.38 ct Sz\u00edn \/ tisztas\u00e1g: Fancy Vivid Green VS1 Certifik\u00e1t: Nemzetk\u00f6zi \/ IGI Oldalk\u0151: Gy\u00e9m\u00e1nt Sz\u00edn \/ tisztas\u00e1g: G \/ VS Gy\u0171r\u0171 m\u00e9ret: 52 Nr: 001270","og_url":"https:\/\/bojtiekszer.hu\/online-store\/termek\/rosebay-11201\/","og_site_name":"BOJTI \u00c9kszermanufakt\u00fara","article_modified_time":"2026-03-23T19:32:03+00:00","og_image":[{"width":2000,"height":2000,"url":"https:\/\/bojtiekszer.hu\/online-store\/wp-content\/uploads\/2026\/02\/1270-O-green-diamond.jpg","type":"image\/jpeg"}],"twitter_card":"summary_large_image","twitter_misc":{"Becs\u00fclt olvas\u00e1si id\u0151":"1 perc"},"schema":{"@context":"https:\/\/schema.org","@graph":[{"@type":"WebPage","@id":"https:\/\/bojtiekszer.hu\/online-store\/termek\/rosebay-11201\/","url":"https:\/\/bojtiekszer.hu\/online-store\/termek\/rosebay-11201\/","name":"ROSEBAY \u2219 14kt \u2219 Green Diamond - BOJTI \u00c9kszermanufakt\u00fara","isPartOf":{"@id":"https:\/\/bojtiekszer.hu\/online-store\/#website"},"primaryImageOfPage":{"@id":"https:\/\/bojtiekszer.hu\/online-store\/termek\/rosebay-11201\/#primaryimage"},"image":{"@id":"https:\/\/bojtiekszer.hu\/online-store\/termek\/rosebay-11201\/#primaryimage"},"thumbnailUrl":"https:\/\/bojtiekszer.hu\/online-store\/wp-content\/uploads\/2026\/02\/1270-O-green-diamond.jpg","datePublished":"2026-02-16T16:10:59+00:00","dateModified":"2026-03-23T19:32:03+00:00","breadcrumb":{"@id":"https:\/\/bojtiekszer.hu\/online-store\/termek\/rosebay-11201\/#breadcrumb"},"inLanguage":"hu","potentialAction":[{"@type":"ReadAction","target":["https:\/\/bojtiekszer.hu\/online-store\/termek\/rosebay-11201\/"]}]},{"@type":"ImageObject","inLanguage":"hu","@id":"https:\/\/bojtiekszer.hu\/online-store\/termek\/rosebay-11201\/#primaryimage","url":"https:\/\/bojtiekszer.hu\/online-store\/wp-content\/uploads\/2026\/02\/1270-O-green-diamond.jpg","contentUrl":"https:\/\/bojtiekszer.hu\/online-store\/wp-content\/uploads\/2026\/02\/1270-O-green-diamond.jpg","width":2000,"height":2000},{"@type":"BreadcrumbList","@id":"https:\/\/bojtiekszer.hu\/online-store\/termek\/rosebay-11201\/#breadcrumb","itemListElement":[{"@type":"ListItem","position":1,"name":"Kezd\u0151lap","item":"https:\/\/bojtiekszer.hu\/online-store\/"},{"@type":"ListItem","position":2,"name":"\u00dczlet","item":"https:\/\/bojtiekszer.hu\/online-store\/uzlet\/"},{"@type":"ListItem","position":3,"name":"ROSEBAY \u2219 14kt \u2219 Green Diamond"}]},{"@type":"WebSite","@id":"https:\/\/bojtiekszer.hu\/online-store\/#website","url":"https:\/\/bojtiekszer.hu\/online-store\/","name":"BOJTI \u00c9kszermanufakt\u00fara","description":"","potentialAction":[{"@type":"SearchAction","target":{"@type":"EntryPoint","urlTemplate":"https:\/\/bojtiekszer.hu\/online-store\/?s={search_term_string}"},"query-input":{"@type":"PropertyValueSpecification","valueRequired":true,"valueName":"search_term_string"}}],"inLanguage":"hu"}]}},"pll_sync_post":[],"lang":"hu","translations":{"hu":10869,"en":10870},"_links":{"self":[{"href":"https:\/\/bojtiekszer.hu\/online-store\/wp-json\/wp\/v2\/product\/10869"}],"collection":[{"href":"https:\/\/bojtiekszer.hu\/online-store\/wp-json\/wp\/v2\/product"}],"about":[{"href":"https:\/\/bojtiekszer.hu\/online-store\/wp-json\/wp\/v2\/types\/product"}],"replies":[{"embeddable":true,"href":"https:\/\/bojtiekszer.hu\/online-store\/wp-json\/wp\/v2\/comments?post=10869"}],"wp:featuredmedia":[{"embeddable":true,"href":"https:\/\/bojtiekszer.hu\/online-store\/wp-json\/wp\/v2\/media\/10871"}],"wp:attachment":[{"href":"https:\/\/bojtiekszer.hu\/online-store\/wp-json\/wp\/v2\/media?parent=10869"}],"wp:term":[{"taxonomy":"product_brand","embeddable":true,"href":"https:\/\/bojtiekszer.hu\/online-store\/wp-json\/wp\/v2\/product_brand?post=10869"},{"taxonomy":"product_cat","embeddable":true,"href":"https:\/\/bojtiekszer.hu\/online-store\/wp-json\/wp\/v2\/product_cat?post=10869"},{"taxonomy":"product_tag","embeddable":true,"href":"https:\/\/bojtiekszer.hu\/online-store\/wp-json\/wp\/v2\/product_tag?post=10869"}],"curies":[{"name":"wp","href":"https:\/\/api.w.org\/{rel}","templated":true}]}}