{"id":10355,"date":"2023-02-06T13:41:21","date_gmt":"2023-02-06T11:41:21","guid":{"rendered":"https:\/\/bojtiekszer.hu\/online-store\/?post_type=product&#038;p=8818"},"modified":"2026-03-23T21:31:25","modified_gmt":"2026-03-23T19:31:25","slug":"pin-1246-11022","status":"publish","type":"product","link":"https:\/\/bojtiekszer.hu\/online-store\/en\/product\/pin-1246-11022\/","title":{"rendered":"PIN \u2219 14kt \u2219 ACP"},"content":{"rendered":"","protected":false},"excerpt":{"rendered":"<p class=\"p1\">[full_width]<\/p>\n<p class=\"p1\"><b>Material:<\/b> 14 kt White gold<\/p>\n<p><strong>Pearl:<\/strong> 5.5-6 \u29b0 ACP<\/p>\n<p><b>Certifikat:<\/b> Own \/ Bojti Jewellery Manufacture<\/p>\n<p><strong>No:<\/strong> 001246<\/p>\n","protected":false},"featured_media":8807,"comment_status":"closed","ping_status":"closed","template":"","meta":[],"product_brand":[],"product_cat":[2654],"product_tag":[],"class_list":{"0":"post-10355","1":"product","2":"type-product","3":"status-publish","4":"has-post-thumbnail","6":"product_cat-earrings","7":"pa_anyag-white-gold-14-k","9":"first","10":"instock","11":"sold-individually","12":"purchasable","13":"product-type-simple","14":"add-to-wishlist-before_image"},"yoast_head":"<title>PIN \u2219 14kt \u2219 ACP - BOJTI \u00c9kszermanufakt\u00fara<\/title>\n<meta name=\"robots\" content=\"index, follow, max-snippet:-1, max-image-preview:large, max-video-preview:-1\" \/>\n<link rel=\"canonical\" href=\"https:\/\/bojtiekszer.hu\/online-store\/en\/product\/pin-1246-11022\/\" \/>\n<meta property=\"og:locale\" content=\"hu_HU\" \/>\n<meta property=\"og:type\" content=\"article\" \/>\n<meta property=\"og:title\" content=\"PIN \u2219 14kt \u2219 ACP - BOJTI \u00c9kszermanufakt\u00fara\" \/>\n<meta property=\"og:description\" content=\"Material: 14 kt White gold Pearl: 5.5-6 \u29b0 ACP Certifikat: Own \/ Bojti Jewellery Manufacture No: 001246\" \/>\n<meta property=\"og:url\" content=\"https:\/\/bojtiekszer.hu\/online-store\/en\/product\/pin-1246-11022\/\" \/>\n<meta property=\"og:site_name\" content=\"BOJTI \u00c9kszermanufakt\u00fara\" \/>\n<meta property=\"article:modified_time\" content=\"2026-03-23T19:31:25+00:00\" \/>\n<meta property=\"og:image\" content=\"https:\/\/bojtiekszer.hu\/online-store\/wp-content\/uploads\/2023\/02\/1246-f-acp.jpg\" \/>\n\t<meta property=\"og:image:width\" content=\"2000\" \/>\n\t<meta property=\"og:image:height\" content=\"2000\" \/>\n\t<meta property=\"og:image:type\" content=\"image\/jpeg\" \/>\n<meta name=\"twitter:card\" content=\"summary_large_image\" \/>\n<meta name=\"twitter:label1\" content=\"Becs\u00fclt olvas\u00e1si id\u0151\" \/>\n\t<meta name=\"twitter:data1\" content=\"1 perc\" \/>\n<script type=\"application\/ld+json\" class=\"yoast-schema-graph\">{\"@context\":\"https:\/\/schema.org\",\"@graph\":[{\"@type\":\"WebPage\",\"@id\":\"https:\/\/bojtiekszer.hu\/online-store\/en\/product\/pin-1246-11022\/\",\"url\":\"https:\/\/bojtiekszer.hu\/online-store\/en\/product\/pin-1246-11022\/\",\"name\":\"PIN \u2219 14kt \u2219 ACP - BOJTI \u00c9kszermanufakt\u00fara\",\"isPartOf\":{\"@id\":\"https:\/\/bojtiekszer.hu\/online-store\/#website\"},\"primaryImageOfPage\":{\"@id\":\"https:\/\/bojtiekszer.hu\/online-store\/en\/product\/pin-1246-11022\/#primaryimage\"},\"image\":{\"@id\":\"https:\/\/bojtiekszer.hu\/online-store\/en\/product\/pin-1246-11022\/#primaryimage\"},\"thumbnailUrl\":\"https:\/\/bojtiekszer.hu\/online-store\/wp-content\/uploads\/2023\/02\/1246-f-acp.jpg\",\"datePublished\":\"2023-02-06T11:41:21+00:00\",\"dateModified\":\"2026-03-23T19:31:25+00:00\",\"breadcrumb\":{\"@id\":\"https:\/\/bojtiekszer.hu\/online-store\/en\/product\/pin-1246-11022\/#breadcrumb\"},\"inLanguage\":\"hu\",\"potentialAction\":[{\"@type\":\"ReadAction\",\"target\":[\"https:\/\/bojtiekszer.hu\/online-store\/en\/product\/pin-1246-11022\/\"]}]},{\"@type\":\"ImageObject\",\"inLanguage\":\"hu\",\"@id\":\"https:\/\/bojtiekszer.hu\/online-store\/en\/product\/pin-1246-11022\/#primaryimage\",\"url\":\"https:\/\/bojtiekszer.hu\/online-store\/wp-content\/uploads\/2023\/02\/1246-f-acp.jpg\",\"contentUrl\":\"https:\/\/bojtiekszer.hu\/online-store\/wp-content\/uploads\/2023\/02\/1246-f-acp.jpg\",\"width\":2000,\"height\":2000},{\"@type\":\"BreadcrumbList\",\"@id\":\"https:\/\/bojtiekszer.hu\/online-store\/en\/product\/pin-1246-11022\/#breadcrumb\",\"itemListElement\":[{\"@type\":\"ListItem\",\"position\":1,\"name\":\"Kezd\u0151lap\",\"item\":\"https:\/\/bojtiekszer.hu\/online-store\/\"},{\"@type\":\"ListItem\",\"position\":2,\"name\":\"\u00dczlet\",\"item\":\"https:\/\/bojtiekszer.hu\/online-store\/uzlet\/\"},{\"@type\":\"ListItem\",\"position\":3,\"name\":\"PIN \u2219 14kt \u2219 ACP\"}]},{\"@type\":\"WebSite\",\"@id\":\"https:\/\/bojtiekszer.hu\/online-store\/#website\",\"url\":\"https:\/\/bojtiekszer.hu\/online-store\/\",\"name\":\"BOJTI \u00c9kszermanufakt\u00fara\",\"description\":\"\",\"potentialAction\":[{\"@type\":\"SearchAction\",\"target\":{\"@type\":\"EntryPoint\",\"urlTemplate\":\"https:\/\/bojtiekszer.hu\/online-store\/?s={search_term_string}\"},\"query-input\":{\"@type\":\"PropertyValueSpecification\",\"valueRequired\":true,\"valueName\":\"search_term_string\"}}],\"inLanguage\":\"hu\"}]}<\/script>","yoast_head_json":{"title":"PIN \u2219 14kt \u2219 ACP - BOJTI \u00c9kszermanufakt\u00fara","robots":{"index":"index","follow":"follow","max-snippet":"max-snippet:-1","max-image-preview":"max-image-preview:large","max-video-preview":"max-video-preview:-1"},"canonical":"https:\/\/bojtiekszer.hu\/online-store\/en\/product\/pin-1246-11022\/","og_locale":"hu_HU","og_type":"article","og_title":"PIN \u2219 14kt \u2219 ACP - BOJTI \u00c9kszermanufakt\u00fara","og_description":"Material: 14 kt White gold Pearl: 5.5-6 \u29b0 ACP Certifikat: Own \/ Bojti Jewellery Manufacture No: 001246","og_url":"https:\/\/bojtiekszer.hu\/online-store\/en\/product\/pin-1246-11022\/","og_site_name":"BOJTI \u00c9kszermanufakt\u00fara","article_modified_time":"2026-03-23T19:31:25+00:00","og_image":[{"width":2000,"height":2000,"url":"https:\/\/bojtiekszer.hu\/online-store\/wp-content\/uploads\/2023\/02\/1246-f-acp.jpg","type":"image\/jpeg"}],"twitter_card":"summary_large_image","twitter_misc":{"Becs\u00fclt olvas\u00e1si id\u0151":"1 perc"},"schema":{"@context":"https:\/\/schema.org","@graph":[{"@type":"WebPage","@id":"https:\/\/bojtiekszer.hu\/online-store\/en\/product\/pin-1246-11022\/","url":"https:\/\/bojtiekszer.hu\/online-store\/en\/product\/pin-1246-11022\/","name":"PIN \u2219 14kt \u2219 ACP - BOJTI \u00c9kszermanufakt\u00fara","isPartOf":{"@id":"https:\/\/bojtiekszer.hu\/online-store\/#website"},"primaryImageOfPage":{"@id":"https:\/\/bojtiekszer.hu\/online-store\/en\/product\/pin-1246-11022\/#primaryimage"},"image":{"@id":"https:\/\/bojtiekszer.hu\/online-store\/en\/product\/pin-1246-11022\/#primaryimage"},"thumbnailUrl":"https:\/\/bojtiekszer.hu\/online-store\/wp-content\/uploads\/2023\/02\/1246-f-acp.jpg","datePublished":"2023-02-06T11:41:21+00:00","dateModified":"2026-03-23T19:31:25+00:00","breadcrumb":{"@id":"https:\/\/bojtiekszer.hu\/online-store\/en\/product\/pin-1246-11022\/#breadcrumb"},"inLanguage":"hu","potentialAction":[{"@type":"ReadAction","target":["https:\/\/bojtiekszer.hu\/online-store\/en\/product\/pin-1246-11022\/"]}]},{"@type":"ImageObject","inLanguage":"hu","@id":"https:\/\/bojtiekszer.hu\/online-store\/en\/product\/pin-1246-11022\/#primaryimage","url":"https:\/\/bojtiekszer.hu\/online-store\/wp-content\/uploads\/2023\/02\/1246-f-acp.jpg","contentUrl":"https:\/\/bojtiekszer.hu\/online-store\/wp-content\/uploads\/2023\/02\/1246-f-acp.jpg","width":2000,"height":2000},{"@type":"BreadcrumbList","@id":"https:\/\/bojtiekszer.hu\/online-store\/en\/product\/pin-1246-11022\/#breadcrumb","itemListElement":[{"@type":"ListItem","position":1,"name":"Kezd\u0151lap","item":"https:\/\/bojtiekszer.hu\/online-store\/"},{"@type":"ListItem","position":2,"name":"\u00dczlet","item":"https:\/\/bojtiekszer.hu\/online-store\/uzlet\/"},{"@type":"ListItem","position":3,"name":"PIN \u2219 14kt \u2219 ACP"}]},{"@type":"WebSite","@id":"https:\/\/bojtiekszer.hu\/online-store\/#website","url":"https:\/\/bojtiekszer.hu\/online-store\/","name":"BOJTI \u00c9kszermanufakt\u00fara","description":"","potentialAction":[{"@type":"SearchAction","target":{"@type":"EntryPoint","urlTemplate":"https:\/\/bojtiekszer.hu\/online-store\/?s={search_term_string}"},"query-input":{"@type":"PropertyValueSpecification","valueRequired":true,"valueName":"search_term_string"}}],"inLanguage":"hu"}]}},"pll_sync_post":[],"lang":"en","translations":{"en":10355,"hu":8818},"_links":{"self":[{"href":"https:\/\/bojtiekszer.hu\/online-store\/wp-json\/wp\/v2\/product\/10355"}],"collection":[{"href":"https:\/\/bojtiekszer.hu\/online-store\/wp-json\/wp\/v2\/product"}],"about":[{"href":"https:\/\/bojtiekszer.hu\/online-store\/wp-json\/wp\/v2\/types\/product"}],"replies":[{"embeddable":true,"href":"https:\/\/bojtiekszer.hu\/online-store\/wp-json\/wp\/v2\/comments?post=10355"}],"wp:featuredmedia":[{"embeddable":true,"href":"https:\/\/bojtiekszer.hu\/online-store\/wp-json\/wp\/v2\/media\/8807"}],"wp:attachment":[{"href":"https:\/\/bojtiekszer.hu\/online-store\/wp-json\/wp\/v2\/media?parent=10355"}],"wp:term":[{"taxonomy":"product_brand","embeddable":true,"href":"https:\/\/bojtiekszer.hu\/online-store\/wp-json\/wp\/v2\/product_brand?post=10355"},{"taxonomy":"product_cat","embeddable":true,"href":"https:\/\/bojtiekszer.hu\/online-store\/wp-json\/wp\/v2\/product_cat?post=10355"},{"taxonomy":"product_tag","embeddable":true,"href":"https:\/\/bojtiekszer.hu\/online-store\/wp-json\/wp\/v2\/product_tag?post=10355"}],"curies":[{"name":"wp","href":"https:\/\/api.w.org\/{rel}","templated":true}]}}