{"id":10309,"date":"2023-04-13T14:36:59","date_gmt":"2023-04-13T12:36:59","guid":{"rendered":"https:\/\/bojtiekszer.hu\/online-store\/?post_type=product&#038;p=9112"},"modified":"2026-03-23T21:31:33","modified_gmt":"2026-03-23T19:31:33","slug":"poppyseed-10967","status":"publish","type":"product","link":"https:\/\/bojtiekszer.hu\/online-store\/en\/product\/poppyseed-10967\/","title":{"rendered":"POPPYSEED \u2219 14kt \u2219 Diamond"},"content":{"rendered":"","protected":false},"excerpt":{"rendered":"<p class=\"p1\">[full_width]<\/p>\n<p class=\"p1\"><b>Material:<\/b> 14 kt Yellow gold<\/p>\n<p><b>Front stone:<\/b> Diamond<\/p>\n<p><b>Front stone weight:<\/b> 0.14 ct \/ pair<\/p>\n<p><b>Colour \/ Clarity:<\/b> G \/ VS<\/p>\n<p><b>Certifikat:<\/b> Own \/ Bojti Jewellery Manufacture<\/p>\n<p><strong>Earrings diameter:<\/strong> ~ 8 mm<\/p>\n<p><strong>No:<\/strong> 001323<\/p>\n","protected":false},"featured_media":7663,"comment_status":"closed","ping_status":"closed","template":"","meta":[],"product_brand":[],"product_cat":[2654],"product_tag":[],"class_list":{"0":"post-10309","1":"product","2":"type-product","3":"status-publish","4":"has-post-thumbnail","6":"product_cat-earrings","7":"pa_anyag-yellow-gold-14-k","8":"pa_ko-fajtaja-diamond","9":"pa_ko-merete-0-14-ct","10":"pa_minoseg-g-vs","12":"first","13":"instock","14":"sold-individually","15":"purchasable","16":"product-type-simple","17":"add-to-wishlist-before_image"},"yoast_head":"<title>POPPYSEED \u2219 14kt \u2219 Diamond - BOJTI \u00c9kszermanufakt\u00fara<\/title>\n<meta name=\"robots\" content=\"index, follow, max-snippet:-1, max-image-preview:large, max-video-preview:-1\" \/>\n<link rel=\"canonical\" href=\"https:\/\/bojtiekszer.hu\/online-store\/en\/product\/poppyseed-10967\/\" \/>\n<meta property=\"og:locale\" content=\"hu_HU\" \/>\n<meta property=\"og:type\" content=\"article\" \/>\n<meta property=\"og:title\" content=\"POPPYSEED \u2219 14kt \u2219 Diamond - BOJTI \u00c9kszermanufakt\u00fara\" \/>\n<meta property=\"og:description\" content=\"Material: 14 kt Yellow gold Front stone: Diamond Front stone weight: 0.14 ct \/ pair Colour \/ Clarity: G \/ VS Certifikat: Own \/ Bojti Jewellery Manufacture Earrings diameter: ~ 8 mm No: 001323\" \/>\n<meta property=\"og:url\" content=\"https:\/\/bojtiekszer.hu\/online-store\/en\/product\/poppyseed-10967\/\" \/>\n<meta property=\"og:site_name\" content=\"BOJTI \u00c9kszermanufakt\u00fara\" \/>\n<meta property=\"article:modified_time\" content=\"2026-03-23T19:31:33+00:00\" \/>\n<meta property=\"og:image\" content=\"https:\/\/bojtiekszer.hu\/online-store\/wp-content\/uploads\/2022\/07\/1323-s-diamond.jpg\" \/>\n\t<meta property=\"og:image:width\" content=\"2000\" \/>\n\t<meta property=\"og:image:height\" content=\"2000\" \/>\n\t<meta property=\"og:image:type\" content=\"image\/jpeg\" \/>\n<meta name=\"twitter:card\" content=\"summary_large_image\" \/>\n<meta name=\"twitter:label1\" content=\"Becs\u00fclt olvas\u00e1si id\u0151\" \/>\n\t<meta name=\"twitter:data1\" content=\"1 perc\" \/>\n<script type=\"application\/ld+json\" class=\"yoast-schema-graph\">{\"@context\":\"https:\/\/schema.org\",\"@graph\":[{\"@type\":\"WebPage\",\"@id\":\"https:\/\/bojtiekszer.hu\/online-store\/en\/product\/poppyseed-10967\/\",\"url\":\"https:\/\/bojtiekszer.hu\/online-store\/en\/product\/poppyseed-10967\/\",\"name\":\"POPPYSEED \u2219 14kt \u2219 Diamond - BOJTI \u00c9kszermanufakt\u00fara\",\"isPartOf\":{\"@id\":\"https:\/\/bojtiekszer.hu\/online-store\/#website\"},\"primaryImageOfPage\":{\"@id\":\"https:\/\/bojtiekszer.hu\/online-store\/en\/product\/poppyseed-10967\/#primaryimage\"},\"image\":{\"@id\":\"https:\/\/bojtiekszer.hu\/online-store\/en\/product\/poppyseed-10967\/#primaryimage\"},\"thumbnailUrl\":\"https:\/\/bojtiekszer.hu\/online-store\/wp-content\/uploads\/2022\/07\/1323-s-diamond.jpg\",\"datePublished\":\"2023-04-13T12:36:59+00:00\",\"dateModified\":\"2026-03-23T19:31:33+00:00\",\"breadcrumb\":{\"@id\":\"https:\/\/bojtiekszer.hu\/online-store\/en\/product\/poppyseed-10967\/#breadcrumb\"},\"inLanguage\":\"hu\",\"potentialAction\":[{\"@type\":\"ReadAction\",\"target\":[\"https:\/\/bojtiekszer.hu\/online-store\/en\/product\/poppyseed-10967\/\"]}]},{\"@type\":\"ImageObject\",\"inLanguage\":\"hu\",\"@id\":\"https:\/\/bojtiekszer.hu\/online-store\/en\/product\/poppyseed-10967\/#primaryimage\",\"url\":\"https:\/\/bojtiekszer.hu\/online-store\/wp-content\/uploads\/2022\/07\/1323-s-diamond.jpg\",\"contentUrl\":\"https:\/\/bojtiekszer.hu\/online-store\/wp-content\/uploads\/2022\/07\/1323-s-diamond.jpg\",\"width\":2000,\"height\":2000},{\"@type\":\"BreadcrumbList\",\"@id\":\"https:\/\/bojtiekszer.hu\/online-store\/en\/product\/poppyseed-10967\/#breadcrumb\",\"itemListElement\":[{\"@type\":\"ListItem\",\"position\":1,\"name\":\"Kezd\u0151lap\",\"item\":\"https:\/\/bojtiekszer.hu\/online-store\/\"},{\"@type\":\"ListItem\",\"position\":2,\"name\":\"\u00dczlet\",\"item\":\"https:\/\/bojtiekszer.hu\/online-store\/uzlet\/\"},{\"@type\":\"ListItem\",\"position\":3,\"name\":\"POPPYSEED \u2219 14kt \u2219 Diamond\"}]},{\"@type\":\"WebSite\",\"@id\":\"https:\/\/bojtiekszer.hu\/online-store\/#website\",\"url\":\"https:\/\/bojtiekszer.hu\/online-store\/\",\"name\":\"BOJTI \u00c9kszermanufakt\u00fara\",\"description\":\"\",\"potentialAction\":[{\"@type\":\"SearchAction\",\"target\":{\"@type\":\"EntryPoint\",\"urlTemplate\":\"https:\/\/bojtiekszer.hu\/online-store\/?s={search_term_string}\"},\"query-input\":{\"@type\":\"PropertyValueSpecification\",\"valueRequired\":true,\"valueName\":\"search_term_string\"}}],\"inLanguage\":\"hu\"}]}<\/script>","yoast_head_json":{"title":"POPPYSEED \u2219 14kt \u2219 Diamond - BOJTI \u00c9kszermanufakt\u00fara","robots":{"index":"index","follow":"follow","max-snippet":"max-snippet:-1","max-image-preview":"max-image-preview:large","max-video-preview":"max-video-preview:-1"},"canonical":"https:\/\/bojtiekszer.hu\/online-store\/en\/product\/poppyseed-10967\/","og_locale":"hu_HU","og_type":"article","og_title":"POPPYSEED \u2219 14kt \u2219 Diamond - BOJTI \u00c9kszermanufakt\u00fara","og_description":"Material: 14 kt Yellow gold Front stone: Diamond Front stone weight: 0.14 ct \/ pair Colour \/ Clarity: G \/ VS Certifikat: Own \/ Bojti Jewellery Manufacture Earrings diameter: ~ 8 mm No: 001323","og_url":"https:\/\/bojtiekszer.hu\/online-store\/en\/product\/poppyseed-10967\/","og_site_name":"BOJTI \u00c9kszermanufakt\u00fara","article_modified_time":"2026-03-23T19:31:33+00:00","og_image":[{"width":2000,"height":2000,"url":"https:\/\/bojtiekszer.hu\/online-store\/wp-content\/uploads\/2022\/07\/1323-s-diamond.jpg","type":"image\/jpeg"}],"twitter_card":"summary_large_image","twitter_misc":{"Becs\u00fclt olvas\u00e1si id\u0151":"1 perc"},"schema":{"@context":"https:\/\/schema.org","@graph":[{"@type":"WebPage","@id":"https:\/\/bojtiekszer.hu\/online-store\/en\/product\/poppyseed-10967\/","url":"https:\/\/bojtiekszer.hu\/online-store\/en\/product\/poppyseed-10967\/","name":"POPPYSEED \u2219 14kt \u2219 Diamond - BOJTI \u00c9kszermanufakt\u00fara","isPartOf":{"@id":"https:\/\/bojtiekszer.hu\/online-store\/#website"},"primaryImageOfPage":{"@id":"https:\/\/bojtiekszer.hu\/online-store\/en\/product\/poppyseed-10967\/#primaryimage"},"image":{"@id":"https:\/\/bojtiekszer.hu\/online-store\/en\/product\/poppyseed-10967\/#primaryimage"},"thumbnailUrl":"https:\/\/bojtiekszer.hu\/online-store\/wp-content\/uploads\/2022\/07\/1323-s-diamond.jpg","datePublished":"2023-04-13T12:36:59+00:00","dateModified":"2026-03-23T19:31:33+00:00","breadcrumb":{"@id":"https:\/\/bojtiekszer.hu\/online-store\/en\/product\/poppyseed-10967\/#breadcrumb"},"inLanguage":"hu","potentialAction":[{"@type":"ReadAction","target":["https:\/\/bojtiekszer.hu\/online-store\/en\/product\/poppyseed-10967\/"]}]},{"@type":"ImageObject","inLanguage":"hu","@id":"https:\/\/bojtiekszer.hu\/online-store\/en\/product\/poppyseed-10967\/#primaryimage","url":"https:\/\/bojtiekszer.hu\/online-store\/wp-content\/uploads\/2022\/07\/1323-s-diamond.jpg","contentUrl":"https:\/\/bojtiekszer.hu\/online-store\/wp-content\/uploads\/2022\/07\/1323-s-diamond.jpg","width":2000,"height":2000},{"@type":"BreadcrumbList","@id":"https:\/\/bojtiekszer.hu\/online-store\/en\/product\/poppyseed-10967\/#breadcrumb","itemListElement":[{"@type":"ListItem","position":1,"name":"Kezd\u0151lap","item":"https:\/\/bojtiekszer.hu\/online-store\/"},{"@type":"ListItem","position":2,"name":"\u00dczlet","item":"https:\/\/bojtiekszer.hu\/online-store\/uzlet\/"},{"@type":"ListItem","position":3,"name":"POPPYSEED \u2219 14kt \u2219 Diamond"}]},{"@type":"WebSite","@id":"https:\/\/bojtiekszer.hu\/online-store\/#website","url":"https:\/\/bojtiekszer.hu\/online-store\/","name":"BOJTI \u00c9kszermanufakt\u00fara","description":"","potentialAction":[{"@type":"SearchAction","target":{"@type":"EntryPoint","urlTemplate":"https:\/\/bojtiekszer.hu\/online-store\/?s={search_term_string}"},"query-input":{"@type":"PropertyValueSpecification","valueRequired":true,"valueName":"search_term_string"}}],"inLanguage":"hu"}]}},"pll_sync_post":[],"lang":"en","translations":{"en":10309,"hu":9112},"_links":{"self":[{"href":"https:\/\/bojtiekszer.hu\/online-store\/wp-json\/wp\/v2\/product\/10309"}],"collection":[{"href":"https:\/\/bojtiekszer.hu\/online-store\/wp-json\/wp\/v2\/product"}],"about":[{"href":"https:\/\/bojtiekszer.hu\/online-store\/wp-json\/wp\/v2\/types\/product"}],"replies":[{"embeddable":true,"href":"https:\/\/bojtiekszer.hu\/online-store\/wp-json\/wp\/v2\/comments?post=10309"}],"wp:featuredmedia":[{"embeddable":true,"href":"https:\/\/bojtiekszer.hu\/online-store\/wp-json\/wp\/v2\/media\/7663"}],"wp:attachment":[{"href":"https:\/\/bojtiekszer.hu\/online-store\/wp-json\/wp\/v2\/media?parent=10309"}],"wp:term":[{"taxonomy":"product_brand","embeddable":true,"href":"https:\/\/bojtiekszer.hu\/online-store\/wp-json\/wp\/v2\/product_brand?post=10309"},{"taxonomy":"product_cat","embeddable":true,"href":"https:\/\/bojtiekszer.hu\/online-store\/wp-json\/wp\/v2\/product_cat?post=10309"},{"taxonomy":"product_tag","embeddable":true,"href":"https:\/\/bojtiekszer.hu\/online-store\/wp-json\/wp\/v2\/product_tag?post=10309"}],"curies":[{"name":"wp","href":"https:\/\/api.w.org\/{rel}","templated":true}]}}