{"id":10114,"date":"2024-10-31T16:09:32","date_gmt":"2024-10-31T14:09:32","guid":{"rendered":"https:\/\/bojtiekszer.hu\/online-store\/?page_id=10114"},"modified":"2024-10-31T16:09:32","modified_gmt":"2024-10-31T14:09:32","slug":"imprint","status":"publish","type":"page","link":"https:\/\/bojtiekszer.hu\/online-store\/en\/imprint\/","title":{"rendered":"Imprint"},"content":{"rendered":"<p>[vc_section bklyn_section_anchor_id=&#8221;about&#8221; css=&#8221;.vc_custom_1606446619286{margin-top: 0px !important;padding-top: 30px !important;}&#8221;][vc_row css=&#8221;.vc_custom_1606440500351{margin-top: 0px !important;padding-top: 0px !important;}&#8221;][vc_column css=&#8221;.vc_custom_1606440461878{margin-top: 0px !important;padding-top: 0px !important;}&#8221;]<div class=\"wpb_content_element \"><style type=\"text\/css\">#ut_header_69da2e8d0cd89 h1.section-title { font-size:45px !important;line-height:55px !important; }#ut_header_69da2e8d0cd89 .lead ins { color:#252525; }#ut_header_69da2e8d0cd89 .lead ins { font-weight:normal; }<\/style><header id=\"ut_header_69da2e8d0cd89\" class=\"section-header  ut-no-title-linebreak-mobile ut-no-lead-linebreak-mobile pt-style-2 header-center header-tablet-center header-mobile-center element-with-custom-line-height\"><div class=\"element-with-custom-line-height\" ><h1 data-title=\"Imprint\"  data-responsive-font=\"section_title\" data-responsive-font-settings=\"{&quot;base-font-size&quot;:&quot;global&quot;,&quot;font-size&quot;:{&quot;desktop_large&quot;:&quot;45&quot;},&quot;base-line-height&quot;:&quot;global&quot;,&quot;line-height&quot;:{&quot;desktop_large&quot;:&quot;55&quot;},&quot;base-letter-spacing&quot;:&quot;global&quot;}\" class=\"section-title  \"><span>Imprint<\/span><\/h1><\/div><\/header><\/div>[\/vc_column][\/vc_row][vc_row][vc_column][vc_raw_js]JTNDc2NyaXB0JTIwaWQlM0QlMjJiYXJhdF9zY3JpcHQlMjIlM0V2YXIlMjBzdCUyMCUzRCUyMGRvY3VtZW50LmNyZWF0ZUVsZW1lbnQlMjglMjJzY3JpcHQlMjIlMjklM0JzdC5zcmMlMjAlM0QlMjAlMjIlMkYlMkZhZG1pbi5mb2d5YXN6dG9iYXJhdC5odSUyRmUtYXBpLmpzJTIyJTNCc3QudHlwZSUyMCUzRCUyMCUyMnRleHQlMkZqYXZhc2NyaXB0JTIyJTNCc3Quc2V0QXR0cmlidXRlJTI4JTIyZGF0YS1pZCUyMiUyQyUyMCUyMjg0WVVXQlBLJTIyJTI5JTNCc3Quc2V0QXR0cmlidXRlJTI4JTIyaWQlMjIlMkMlMjAlMjJmYmFyYXQtZW1iZWQlMjIlMjklM0JzdC5zZXRBdHRyaWJ1dGUlMjglMjJkYXRhLXR5cGUlMjIlMkMlMjAlMjJpbXAlMjIlMjklM0J2YXIlMjBzJTIwJTNEJTIwZG9jdW1lbnQuZ2V0RWxlbWVudEJ5SWQlMjglMjJiYXJhdF9zY3JpcHQlMjIlMjklM0JzLnBhcmVudE5vZGUuaW5zZXJ0QmVmb3JlJTI4c3QlMkMlMjBzJTI5JTNCJTNDJTJGc2NyaXB0JTNF[\/vc_raw_js][\/vc_column][\/vc_row][\/vc_section]<\/p>\n","protected":false},"excerpt":{"rendered":"<p>[vc_section bklyn_section_anchor_id=&#8221;about&#8221; css=&#8221;.vc_custom_1606446619286{margin-top: 0px !important;padding-top: 30px !important;}&#8221;][vc_row css=&#8221;.vc_custom_1606440500351{margin-top: 0px !important;padding-top: 0px !important;}&#8221;][vc_column css=&#8221;.vc_custom_1606440461878{margin-top: 0px !important;padding-top: 0px !important;}&#8221;][\/vc_column][\/vc_row][vc_row][vc_column][vc_raw_js]JTNDc2NyaXB0JTIwaWQlM0QlMjJiYXJhdF9zY3JpcHQlMjIlM0V2YXIlMjBzdCUyMCUzRCUyMGRvY3VtZW50LmNyZWF0ZUVsZW1lbnQlMjglMjJzY3JpcHQlMjIlMjklM0JzdC5zcmMlMjAlM0QlMjAlMjIlMkYlMkZhZG1pbi5mb2d5YXN6dG9iYXJhdC5odSUyRmUtYXBpLmpzJTIyJTNCc3QudHlwZSUyMCUzRCUyMCUyMnRleHQlMkZqYXZhc2NyaXB0JTIyJTNCc3Quc2V0QXR0cmlidXRlJTI4JTIyZGF0YS1pZCUyMiUyQyUyMCUyMjg0WVVXQlBLJTIyJTI5JTNCc3Quc2V0QXR0cmlidXRlJTI4JTIyaWQlMjIlMkMlMjAlMjJmYmFyYXQtZW1iZWQlMjIlMjklM0JzdC5zZXRBdHRyaWJ1dGUlMjglMjJkYXRhLXR5cGUlMjIlMkMlMjAlMjJpbXAlMjIlMjklM0J2YXIlMjBzJTIwJTNEJTIwZG9jdW1lbnQuZ2V0RWxlbWVudEJ5SWQlMjglMjJiYXJhdF9zY3JpcHQlMjIlMjklM0JzLnBhcmVudE5vZGUuaW5zZXJ0QmVmb3JlJTI4c3QlMkMlMjBzJTI5JTNCJTNDJTJGc2NyaXB0JTNF[\/vc_raw_js][\/vc_column][\/vc_row][\/vc_section]<\/p>\n","protected":false},"author":1,"featured_media":0,"parent":0,"menu_order":0,"comment_status":"closed","ping_status":"closed","template":"","meta":{"footnotes":""},"class_list":["post-10114","page","type-page","status-publish","hentry"],"yoast_head":"<title>Imprint - BOJTI \u00c9kszermanufakt\u00fara<\/title>\n<meta name=\"robots\" content=\"index, follow, max-snippet:-1, max-image-preview:large, max-video-preview:-1\" \/>\n<link rel=\"canonical\" href=\"https:\/\/bojtiekszer.hu\/online-store\/en\/imprint\/\" \/>\n<meta property=\"og:locale\" content=\"hu_HU\" \/>\n<meta property=\"og:type\" content=\"article\" \/>\n<meta property=\"og:title\" content=\"Imprint - BOJTI \u00c9kszermanufakt\u00fara\" \/>\n<meta property=\"og:description\" content=\"[vc_section bklyn_section_anchor_id=&#8221;about&#8221; css=&#8221;.vc_custom_1606446619286{margin-top: 0px !important;padding-top: 30px !important;}&#8221;][vc_row css=&#8221;.vc_custom_1606440500351{margin-top: 0px !important;padding-top: 0px !important;}&#8221;][vc_column css=&#8221;.vc_custom_1606440461878{margin-top: 0px !important;padding-top: 0px !important;}&#8221;][\/vc_column][\/vc_row][vc_row][vc_column][vc_raw_js]JTNDc2NyaXB0JTIwaWQlM0QlMjJiYXJhdF9zY3JpcHQlMjIlM0V2YXIlMjBzdCUyMCUzRCUyMGRvY3VtZW50LmNyZWF0ZUVsZW1lbnQlMjglMjJzY3JpcHQlMjIlMjklM0JzdC5zcmMlMjAlM0QlMjAlMjIlMkYlMkZhZG1pbi5mb2d5YXN6dG9iYXJhdC5odSUyRmUtYXBpLmpzJTIyJTNCc3QudHlwZSUyMCUzRCUyMCUyMnRleHQlMkZqYXZhc2NyaXB0JTIyJTNCc3Quc2V0QXR0cmlidXRlJTI4JTIyZGF0YS1pZCUyMiUyQyUyMCUyMjg0WVVXQlBLJTIyJTI5JTNCc3Quc2V0QXR0cmlidXRlJTI4JTIyaWQlMjIlMkMlMjAlMjJmYmFyYXQtZW1iZWQlMjIlMjklM0JzdC5zZXRBdHRyaWJ1dGUlMjglMjJkYXRhLXR5cGUlMjIlMkMlMjAlMjJpbXAlMjIlMjklM0J2YXIlMjBzJTIwJTNEJTIwZG9jdW1lbnQuZ2V0RWxlbWVudEJ5SWQlMjglMjJiYXJhdF9zY3JpcHQlMjIlMjklM0JzLnBhcmVudE5vZGUuaW5zZXJ0QmVmb3JlJTI4c3QlMkMlMjBzJTI5JTNCJTNDJTJGc2NyaXB0JTNF[\/vc_raw_js][\/vc_column][\/vc_row][\/vc_section]\" \/>\n<meta property=\"og:url\" content=\"https:\/\/bojtiekszer.hu\/online-store\/en\/imprint\/\" \/>\n<meta property=\"og:site_name\" content=\"BOJTI \u00c9kszermanufakt\u00fara\" \/>\n<meta name=\"twitter:card\" content=\"summary_large_image\" \/>\n<meta name=\"twitter:label1\" content=\"Becs\u00fclt olvas\u00e1si id\u0151\" \/>\n\t<meta name=\"twitter:data1\" content=\"1 perc\" \/>\n<script type=\"application\/ld+json\" class=\"yoast-schema-graph\">{\"@context\":\"https:\/\/schema.org\",\"@graph\":[{\"@type\":\"WebPage\",\"@id\":\"https:\/\/bojtiekszer.hu\/online-store\/en\/imprint\/\",\"url\":\"https:\/\/bojtiekszer.hu\/online-store\/en\/imprint\/\",\"name\":\"Imprint - BOJTI \u00c9kszermanufakt\u00fara\",\"isPartOf\":{\"@id\":\"https:\/\/bojtiekszer.hu\/online-store\/#website\"},\"datePublished\":\"2024-10-31T14:09:32+00:00\",\"breadcrumb\":{\"@id\":\"https:\/\/bojtiekszer.hu\/online-store\/en\/imprint\/#breadcrumb\"},\"inLanguage\":\"hu\",\"potentialAction\":[{\"@type\":\"ReadAction\",\"target\":[\"https:\/\/bojtiekszer.hu\/online-store\/en\/imprint\/\"]}]},{\"@type\":\"BreadcrumbList\",\"@id\":\"https:\/\/bojtiekszer.hu\/online-store\/en\/imprint\/#breadcrumb\",\"itemListElement\":[{\"@type\":\"ListItem\",\"position\":1,\"name\":\"Kezd\u0151lap\",\"item\":\"https:\/\/bojtiekszer.hu\/online-store\/\"},{\"@type\":\"ListItem\",\"position\":2,\"name\":\"Imprint\"}]},{\"@type\":\"WebSite\",\"@id\":\"https:\/\/bojtiekszer.hu\/online-store\/#website\",\"url\":\"https:\/\/bojtiekszer.hu\/online-store\/\",\"name\":\"BOJTI \u00c9kszermanufakt\u00fara\",\"description\":\"\",\"potentialAction\":[{\"@type\":\"SearchAction\",\"target\":{\"@type\":\"EntryPoint\",\"urlTemplate\":\"https:\/\/bojtiekszer.hu\/online-store\/?s={search_term_string}\"},\"query-input\":{\"@type\":\"PropertyValueSpecification\",\"valueRequired\":true,\"valueName\":\"search_term_string\"}}],\"inLanguage\":\"hu\"}]}<\/script>","yoast_head_json":{"title":"Imprint - BOJTI \u00c9kszermanufakt\u00fara","robots":{"index":"index","follow":"follow","max-snippet":"max-snippet:-1","max-image-preview":"max-image-preview:large","max-video-preview":"max-video-preview:-1"},"canonical":"https:\/\/bojtiekszer.hu\/online-store\/en\/imprint\/","og_locale":"hu_HU","og_type":"article","og_title":"Imprint - BOJTI \u00c9kszermanufakt\u00fara","og_description":"[vc_section bklyn_section_anchor_id=&#8221;about&#8221; css=&#8221;.vc_custom_1606446619286{margin-top: 0px !important;padding-top: 30px !important;}&#8221;][vc_row css=&#8221;.vc_custom_1606440500351{margin-top: 0px !important;padding-top: 0px !important;}&#8221;][vc_column css=&#8221;.vc_custom_1606440461878{margin-top: 0px !important;padding-top: 0px !important;}&#8221;][\/vc_column][\/vc_row][vc_row][vc_column][vc_raw_js]JTNDc2NyaXB0JTIwaWQlM0QlMjJiYXJhdF9zY3JpcHQlMjIlM0V2YXIlMjBzdCUyMCUzRCUyMGRvY3VtZW50LmNyZWF0ZUVsZW1lbnQlMjglMjJzY3JpcHQlMjIlMjklM0JzdC5zcmMlMjAlM0QlMjAlMjIlMkYlMkZhZG1pbi5mb2d5YXN6dG9iYXJhdC5odSUyRmUtYXBpLmpzJTIyJTNCc3QudHlwZSUyMCUzRCUyMCUyMnRleHQlMkZqYXZhc2NyaXB0JTIyJTNCc3Quc2V0QXR0cmlidXRlJTI4JTIyZGF0YS1pZCUyMiUyQyUyMCUyMjg0WVVXQlBLJTIyJTI5JTNCc3Quc2V0QXR0cmlidXRlJTI4JTIyaWQlMjIlMkMlMjAlMjJmYmFyYXQtZW1iZWQlMjIlMjklM0JzdC5zZXRBdHRyaWJ1dGUlMjglMjJkYXRhLXR5cGUlMjIlMkMlMjAlMjJpbXAlMjIlMjklM0J2YXIlMjBzJTIwJTNEJTIwZG9jdW1lbnQuZ2V0RWxlbWVudEJ5SWQlMjglMjJiYXJhdF9zY3JpcHQlMjIlMjklM0JzLnBhcmVudE5vZGUuaW5zZXJ0QmVmb3JlJTI4c3QlMkMlMjBzJTI5JTNCJTNDJTJGc2NyaXB0JTNF[\/vc_raw_js][\/vc_column][\/vc_row][\/vc_section]","og_url":"https:\/\/bojtiekszer.hu\/online-store\/en\/imprint\/","og_site_name":"BOJTI \u00c9kszermanufakt\u00fara","twitter_card":"summary_large_image","twitter_misc":{"Becs\u00fclt olvas\u00e1si id\u0151":"1 perc"},"schema":{"@context":"https:\/\/schema.org","@graph":[{"@type":"WebPage","@id":"https:\/\/bojtiekszer.hu\/online-store\/en\/imprint\/","url":"https:\/\/bojtiekszer.hu\/online-store\/en\/imprint\/","name":"Imprint - BOJTI \u00c9kszermanufakt\u00fara","isPartOf":{"@id":"https:\/\/bojtiekszer.hu\/online-store\/#website"},"datePublished":"2024-10-31T14:09:32+00:00","breadcrumb":{"@id":"https:\/\/bojtiekszer.hu\/online-store\/en\/imprint\/#breadcrumb"},"inLanguage":"hu","potentialAction":[{"@type":"ReadAction","target":["https:\/\/bojtiekszer.hu\/online-store\/en\/imprint\/"]}]},{"@type":"BreadcrumbList","@id":"https:\/\/bojtiekszer.hu\/online-store\/en\/imprint\/#breadcrumb","itemListElement":[{"@type":"ListItem","position":1,"name":"Kezd\u0151lap","item":"https:\/\/bojtiekszer.hu\/online-store\/"},{"@type":"ListItem","position":2,"name":"Imprint"}]},{"@type":"WebSite","@id":"https:\/\/bojtiekszer.hu\/online-store\/#website","url":"https:\/\/bojtiekszer.hu\/online-store\/","name":"BOJTI \u00c9kszermanufakt\u00fara","description":"","potentialAction":[{"@type":"SearchAction","target":{"@type":"EntryPoint","urlTemplate":"https:\/\/bojtiekszer.hu\/online-store\/?s={search_term_string}"},"query-input":{"@type":"PropertyValueSpecification","valueRequired":true,"valueName":"search_term_string"}}],"inLanguage":"hu"}]}},"lang":"en","translations":{"en":10114,"hu":7796},"pll_sync_post":[],"_links":{"self":[{"href":"https:\/\/bojtiekszer.hu\/online-store\/wp-json\/wp\/v2\/pages\/10114"}],"collection":[{"href":"https:\/\/bojtiekszer.hu\/online-store\/wp-json\/wp\/v2\/pages"}],"about":[{"href":"https:\/\/bojtiekszer.hu\/online-store\/wp-json\/wp\/v2\/types\/page"}],"author":[{"embeddable":true,"href":"https:\/\/bojtiekszer.hu\/online-store\/wp-json\/wp\/v2\/users\/1"}],"replies":[{"embeddable":true,"href":"https:\/\/bojtiekszer.hu\/online-store\/wp-json\/wp\/v2\/comments?post=10114"}],"version-history":[{"count":1,"href":"https:\/\/bojtiekszer.hu\/online-store\/wp-json\/wp\/v2\/pages\/10114\/revisions"}],"predecessor-version":[{"id":10115,"href":"https:\/\/bojtiekszer.hu\/online-store\/wp-json\/wp\/v2\/pages\/10114\/revisions\/10115"}],"wp:attachment":[{"href":"https:\/\/bojtiekszer.hu\/online-store\/wp-json\/wp\/v2\/media?parent=10114"}],"curies":[{"name":"wp","href":"https:\/\/api.w.org\/{rel}","templated":true}]}}